{"id":1701,"date":"2024-03-08T11:26:33","date_gmt":"2024-03-08T11:26:33","guid":{"rendered":"https:\/\/zoppelletto.com\/unternehmen\/"},"modified":"2024-07-17T07:55:11","modified_gmt":"2024-07-17T07:55:11","slug":"unternehmen","status":"publish","type":"page","link":"https:\/\/zoppelletto.com\/de\/unternehmen\/","title":{"rendered":"Unternehmen"},"content":{"rendered":"\n\t<section class=\"section dark\" id=\"section_503080531\">\n\t\t<div class=\"section-bg fill\" >\n\t\t\t\t\t\t\t\t\t\n\t\t\t\n\n\t\t<\/div>\n\n\t\t\n\n\t\t<div class=\"section-content relative\">\n\t\t\t\n<div class=\"row\"  id=\"row-1450893407\">\n\n\t<div id=\"col-1197346262\" class=\"col small-12 large-12\"  >\n\t\t\t\t<div class=\"col-inner\"  >\n\t\t\t\n\t\t\t\n\t<div id=\"text-3330469746\" class=\"text margin-0\">\n\t\t\n<h1>Unser Unternehmen<\/h1>\n\t\t\n<style>\n#text-3330469746 {\n  font-size: 2rem;\n}\n<\/style>\n\t<\/div>\n\t\n\t\t<\/div>\n\t\t\t\t\n<style>\n#col-1197346262 > .col-inner {\n  padding: 42px 0px 16px 0px;\n}\n<\/style>\n\t<\/div>\n\n\t\n<\/div>\n\t\t<\/div>\n\n\t\t\n<style>\n#section_503080531 {\n  padding-top: 0px;\n  padding-bottom: 0px;\n  background-color: #06038d;\n}\n<\/style>\n\t<\/section>\n\t\n<div class=\"row row-collapse row-full-width\"  id=\"row-245938147\">\n\n\t<div id=\"col-948718750\" class=\"col small-12 large-12\"  >\n\t\t\t\t<div class=\"col-inner\"  >\n\t\t\t\n\t\t\t\n\t<div class=\"img has-hover hide-for-medium x md-x lg-x y md-y lg-y\" id=\"image_195863240\">\n\t\t\t\t\t\t\t\t<div class=\"img-inner image-cover dark\" style=\"padding-top:5%;\">\n\t\t\t<img loading=\"lazy\" decoding=\"async\" width=\"1020\" height=\"1020\" src=\"https:\/\/zoppelletto.com\/wp-content\/uploads\/2024\/03\/zp-separator.svg\" class=\"attachment-large size-large\" alt=\"\" \/>\t\t\t\t\t\t\n\t\t\t\t\t<\/div>\n\t\t\t\t\t\t\t\t\n<style>\n#image_195863240 {\n  width: 100%;\n}\n<\/style>\n\t<\/div>\n\t\n\t<div class=\"img has-hover show-for-medium x md-x lg-x y md-y lg-y\" id=\"image_933618624\">\n\t\t\t\t\t\t\t\t<div class=\"img-inner image-cover dark\" style=\"padding-top:15%;\">\n\t\t\t<img loading=\"lazy\" decoding=\"async\" width=\"1020\" height=\"1020\" src=\"https:\/\/zoppelletto.com\/wp-content\/uploads\/2024\/03\/zp-separator.svg\" class=\"attachment-large size-large\" alt=\"\" \/>\t\t\t\t\t\t\n\t\t\t\t\t<\/div>\n\t\t\t\t\t\t\t\t\n<style>\n#image_933618624 {\n  width: 100%;\n}\n<\/style>\n\t<\/div>\n\t\n\t\t<\/div>\n\t\t\t\t\n<style>\n#col-948718750 > .col-inner {\n  margin: -24px 0px -80px 0px;\n}\n@media (min-width:850px) {\n  #col-948718750 > .col-inner {\n    margin: -24px 0px -60px 0px;\n  }\n}\n<\/style>\n\t<\/div>\n\n\t\n<\/div>\n\n\t<section class=\"section\" id=\"section_306638440\">\n\t\t<div class=\"section-bg fill\" >\n\t\t\t\t\t\t\t\t\t\n\t\t\t\n\n\t\t<\/div>\n\n\t\t\n\n\t\t<div class=\"section-content relative\">\n\t\t\t\n<div class=\"row\"  id=\"row-78845924\">\n\n\t<div id=\"col-222695371\" class=\"col medium-12 small-12 large-8\"  data-animate=\"fadeInUp\">\n\t\t\t\t<div class=\"col-inner\"  >\n\t\t\t\n\t\t\t\n\t<div id=\"text-3496230941\" class=\"text light\">\n\t\t\n<h2>Im Herzen von Vicenza befindet sich die Firma Officine Zoppelletto Srl, ein Unternehmen, das seit 1953 in der Blechbearbeitung t\u00e4tig ist und auf Erfindungsreichtum und Hingabe setzt.<\/h2>\n\t\t\t<\/div>\n\t\n\t<div id=\"gap-998239927\" class=\"gap-element clearfix\" style=\"display:block; height:auto;\">\n\t\t\n<style>\n#gap-998239927 {\n  padding-top: 30px;\n}\n<\/style>\n\t<\/div>\n\t\n<div class=\"row\"  id=\"row-675788083\">\n\n\t<div id=\"col-1212729389\" class=\"col margin-0 medium-6 small-12 large-6\"  data-animate=\"fadeInUp\">\n\t\t\t\t<div class=\"col-inner\"  >\n\t\t\t\n\t\t\t\n\t<div id=\"text-2442830045\" class=\"text light\">\n\t\t\n<p>Gegr\u00fcndet von dem ehrgeizigen Unternehmer Gino Zoppelletto, haben wir uns von einer kleinen Werkstatt f\u00fcr die Landwirtschafts- und Weinindustrie zu einem Unternehmen der Pr\u00e4zisionsmechanik entwickelt, das sich durch technologischen Fortschritt und kompromisslose Qualit\u00e4t auszeichnet.<\/p>\n\t\t\t<\/div>\n\t\n\t\t<\/div>\n\t\t\t\t\t<\/div>\n\n\t\n\n\t<div id=\"col-614962377\" class=\"col margin-0 medium-6 small-12 large-6\"  data-animate=\"fadeInUp\">\n\t\t\t\t<div class=\"col-inner\"  >\n\t\t\t\n\t\t\t\n\t<div id=\"text-1720563303\" class=\"text light\">\n\t\t\n<p>Heute verf\u00fcgt Officine Zoppelletto Srl \u00fcber einen 12.000 Quadratmeter gro\u00dfen Produktionskomplex, der mit fortschrittlichen Technologien und einem hochmodernen Maschinenpark ausgestattet ist, der es uns erm\u00f6glicht, Blechbearbeitungsdienstleistungen auf h\u00f6chstem Niveau anzubieten.<\/p>\n\t\t\t<\/div>\n\t\n\t\t<\/div>\n\t\t\t\t\t<\/div>\n\n\t\n<\/div>\n\t\t<\/div>\n\t\t\t\t\t<\/div>\n\n\t\n<\/div>\n\t\t<\/div>\n\n\t\t\n<style>\n#section_306638440 {\n  padding-top: 60px;\n  padding-bottom: 60px;\n}\n<\/style>\n\t<\/section>\n\t\n\n\t<section class=\"section dark has-parallax\" id=\"section_825219637\">\n\t\t<div class=\"section-bg fill\" data-parallax-container=\".section\" data-parallax-background data-parallax=\"-9\">\n\t\t\t<img loading=\"lazy\" decoding=\"async\" width=\"1920\" height=\"1280\" src=\"https:\/\/zoppelletto.com\/wp-content\/uploads\/2024\/03\/zoppelletto-officine-meccaniche-capannone-001.jpg\" class=\"bg attachment-original size-original\" alt=\"\" \/>\t\t\t\t\t\t<div class=\"section-bg-overlay absolute fill\"><\/div>\n\t\t\t\n\n\t\t<\/div>\n\n\t\t\n\n\t\t<div class=\"section-content relative\">\n\t\t\t\n<div class=\"row align-middle\"  id=\"row-1814867256\">\n\n\t<div id=\"col-1439286263\" class=\"col medium-12 small-12 large-8\"  data-animate=\"fadeInUp\">\n\t\t\t\t<div class=\"col-inner\"  >\n\t\t\t\n\t\t\t\n\t<div id=\"text-3824850093\" class=\"text light\">\n\t\t\n<h3>Stahlqualit\u00e4t<\/h3>\n\t\t\n<style>\n#text-3824850093 {\n  font-size: 2rem;\n}\n<\/style>\n\t<\/div>\n\t\n<h4>La nostra storia \u00e8 segnata da progetti ambiziosi e forniture di rilievo, come la realizzazione di strutture metalliche per il canale di Panama, paratie mobili per la difesa della laguna veneziana e colonne in acciaio per ponti, impianti di risalita e parchi divertimento di fama internazionalee<\/h4>\n\t<div id=\"gap-161662653\" class=\"gap-element clearfix\" style=\"display:block; height:auto;\">\n\t\t\n<style>\n#gap-161662653 {\n  padding-top: 30px;\n}\n<\/style>\n\t<\/div>\n\t\n<div class=\"row\"  id=\"row-1273836185\">\n\n\t<div id=\"col-1097696147\" class=\"col margin-0 medium-6 small-12 large-6\"  data-animate=\"fadeInUp\">\n\t\t\t\t<div class=\"col-inner\"  >\n\t\t\t\n\t\t\t\n\t<div id=\"text-1400580370\" class=\"text light\">\n\t\t\n<p>Vom Oxicutting bis zum Plasmaschneiden, vom Laserschneiden bis zum Biegen, vom Kalandrieren bis zum Schwei\u00dfen &#8211; unser Team von hochqualifizierten Fachleuten arbeitet mit Hingabe daran, Stahl zu innovativen L\u00f6sungen zu formen, die den Bed\u00fcrfnissen unserer Kunden entsprechen.<\/p>\n\t\t\t<\/div>\n\t\n\t\t<\/div>\n\t\t\t\t\t<\/div>\n\n\t\n\n\t<div id=\"col-2143188798\" class=\"col margin-0 medium-6 small-12 large-6\"  data-animate=\"fadeInUp\">\n\t\t\t\t<div class=\"col-inner\"  >\n\t\t\t\n\t\t\t\n\t<div id=\"text-3414972930\" class=\"text light\">\n\t\t\n<p>Mit einer gro\u00dfen Auswahl an behandelten St\u00e4hlen, darunter Spezialwerkstoffe wie CORTEN und HARDOX-Stahl, sind wir ein idealer Partner f\u00fcr Hersteller von Industrieanlagen, Werkzeugmaschinen, Reinigungsanlagen, landwirtschaftlichen Ger\u00e4ten und vielem mehr.<\/p>\n\t\t\t<\/div>\n\t\n\t\t<\/div>\n\t\t\t\t\t<\/div>\n\n\t\n<\/div>\n\t\t<\/div>\n\t\t\t\t\t<\/div>\n\n\t\n<\/div>\n\t\t<\/div>\n\n\t\t\n<style>\n#section_825219637 {\n  padding-top: 60px;\n  padding-bottom: 60px;\n  min-height: 520px;\n}\n#section_825219637 .section-bg-overlay {\n  background-color: rgba(0, 0, 0, 0.45);\n}\n<\/style>\n\t<\/section>\n\t\n\n\t<section class=\"section\" id=\"section_1610684273\">\n\t\t<div class=\"section-bg fill\" >\n\t\t\t\t\t\t\t\t\t\n\t\t\t\n\n\t\t<\/div>\n\n\t\t\n\n\t\t<div class=\"section-content relative\">\n\t\t\t\n<div class=\"row align-middle\"  id=\"row-1963673595\">\n\n\t<div id=\"col-1021697687\" class=\"col margin-0 small-12 large-12\"  data-animate=\"fadeInUp\">\n\t\t\t\t<div class=\"col-inner\"  >\n\t\t\t\n\t\t\t\n\t<div id=\"text-2226550208\" class=\"text light\">\n\t\t\n<h3>Mission und Vision<\/h3>\n\t\t\n<style>\n#text-2226550208 {\n  font-size: 2rem;\n}\n<\/style>\n\t<\/div>\n\t\n\t\t<\/div>\n\t\t\t\t\t<\/div>\n\n\t\n<\/div>\n<div class=\"row\"  id=\"row-1995971350\">\n\n\t<div id=\"col-1105624560\" class=\"col margin-0 medium-12 small-12 large-8\"  data-animate=\"fadeInUp\">\n\t\t\t\t<div class=\"col-inner\"  >\n\t\t\t\n\t\t\t\n\t<div id=\"text-595135154\" class=\"text light\">\n\t\t\n<h4>Officine Zoppelletto Srl hat es sich zur Aufgabe gemacht, Produkte zu liefern, die Pr\u00e4zision, Zuverl\u00e4ssigkeit und Innovation vereinen und f\u00fcr unsere Kunden einen Bezugspunkt darstellen.<\/h4>\n\t\t\t<\/div>\n\t\n<h4>La nostra Vision \u00e8 quella di crescere assieme ai nostri stakeholders contribuendo a sviluppare un ecosistema sempre pi\u00f9 resiliente.<\/h4>\n\t<div id=\"gap-234301838\" class=\"gap-element clearfix\" style=\"display:block; height:auto;\">\n\t\t\n<style>\n#gap-234301838 {\n  padding-top: 30px;\n}\n<\/style>\n\t<\/div>\n\t\n<div class=\"row\"  id=\"row-173151875\">\n\n\t<div id=\"col-439809822\" class=\"col margin-0 medium-6 small-12 large-6\"  data-animate=\"fadeInUp\">\n\t\t\t\t<div class=\"col-inner\"  >\n\t\t\t\n\t\t\t\n\t<div id=\"text-3974703959\" class=\"text light\">\n\t\t\n<p>Unser Ziel ist es, ein Ma\u00dfstab f\u00fcr unsere Branche zu sein. Wir sind anerkannt f\u00fcr unsere Qualit\u00e4t, unser Engagement f\u00fcr Forschung und Entwicklung und unsere F\u00e4higkeit, uns anzupassen und proaktiv auf Marktentwicklungen zu reagieren.<\/p>\n<p>Stets die Zukunft im Blick, investieren wir weiterhin in Menschen, Technologien und Prozesse, um sicherzustellen, dass unser Verm\u00e4chtnis der &#8218;Stahlqualit\u00e4t&#8216; fortbesteht, geleitet von dem innovativen Geist, der uns seit unserer Gr\u00fcndung auszeichnet.<\/p>\n\t\t\t<\/div>\n\t\n\t\t<\/div>\n\t\t\t\t\t<\/div>\n\n\t\n\n\t<div id=\"col-393382300\" class=\"col margin-0 medium-6 small-12 large-6\"  data-animate=\"fadeInUp\">\n\t\t\t\t<div class=\"col-inner\"  >\n\t\t\t\n\t\t\t\n\t<div id=\"text-1161900942\" class=\"text light\">\n\t\t\n<p>Wir bei Officine Zoppelletto Srl sind der festen \u00dcberzeugung, dass Erfolg das Ergebnis von Teamarbeit, einer Leidenschaft f\u00fcr Spitzenleistungen und einem st\u00e4ndigen Engagement f\u00fcr Verbesserung und Innovation ist. Unsere Vision ist es, gemeinsam mit unseren Kunden und Partnern weiter zu wachsen und aktiv zum technologischen Fortschritt und zur Nachhaltigkeit der Branche beizutragen.<\/p>\n\t\t\t<\/div>\n\t\n\t\t<\/div>\n\t\t\t\t\t<\/div>\n\n\t\n<\/div>\n\t\t<\/div>\n\t\t\t\t\t<\/div>\n\n\t\n<\/div>\n\t\t<\/div>\n\n\t\t\n<style>\n#section_1610684273 {\n  padding-top: 60px;\n  padding-bottom: 60px;\n}\n<\/style>\n\t<\/section>\n\t\n\n\t<section class=\"section dark has-parallax\" id=\"section_1015104590\">\n\t\t<div class=\"section-bg fill\" data-parallax-container=\".section\" data-parallax-background data-parallax=\"-9\">\n\t\t\t<img loading=\"lazy\" decoding=\"async\" width=\"1620\" height=\"1080\" src=\"https:\/\/zoppelletto.com\/wp-content\/uploads\/2024\/04\/David-Hatters-ZOPPELLETTO-20243115_web.jpg\" class=\"bg attachment-original size-original\" alt=\"\" \/>\t\t\t\t\t\t\n\t\t\t\n\n\t\t<\/div>\n\n\t\t\n\n\t\t<div class=\"section-content relative\">\n\t\t\t\n\t\t<\/div>\n\n\t\t\n<style>\n#section_1015104590 {\n  padding-top: 60px;\n  padding-bottom: 60px;\n  min-height: 520px;\n}\n#section_1015104590 .section-bg img {\n  object-position: 44% 100%;\n}\n<\/style>\n\t<\/section>\n\t\n","protected":false},"excerpt":{"rendered":"","protected":false},"author":1,"featured_media":0,"parent":0,"menu_order":0,"comment_status":"closed","ping_status":"closed","template":"page-blank.php","meta":{"_acf_changed":false,"inline_featured_image":false,"footnotes":""},"class_list":["post-1701","page","type-page","status-publish","hentry"],"acf":[],"yoast_head":"<!-- This site is optimized with the Yoast SEO plugin v23.7 - https:\/\/yoast.com\/wordpress\/plugins\/seo\/ -->\n<title>Unternehmen - Zoppelletto<\/title>\n<meta name=\"robots\" content=\"index, follow, max-snippet:-1, max-image-preview:large, max-video-preview:-1\" \/>\n<link rel=\"canonical\" href=\"https:\/\/zoppelletto.com\/de\/unternehmen\/\" \/>\n<meta property=\"og:locale\" content=\"de_DE\" \/>\n<meta property=\"og:type\" content=\"article\" \/>\n<meta property=\"og:title\" content=\"Unternehmen - Zoppelletto\" \/>\n<meta property=\"og:url\" content=\"https:\/\/zoppelletto.com\/de\/unternehmen\/\" \/>\n<meta property=\"og:site_name\" content=\"Zoppelletto\" \/>\n<meta property=\"article:modified_time\" content=\"2024-07-17T07:55:11+00:00\" \/>\n<meta name=\"twitter:card\" content=\"summary_large_image\" \/>\n<meta name=\"twitter:label1\" content=\"Gesch\u00e4tzte Lesezeit\" \/>\n\t<meta name=\"twitter:data1\" content=\"3\u00a0Minuten\" \/>\n<script type=\"application\/ld+json\" class=\"yoast-schema-graph\">{\"@context\":\"https:\/\/schema.org\",\"@graph\":[{\"@type\":\"WebPage\",\"@id\":\"https:\/\/zoppelletto.com\/de\/unternehmen\/\",\"url\":\"https:\/\/zoppelletto.com\/de\/unternehmen\/\",\"name\":\"Unternehmen - Zoppelletto\",\"isPartOf\":{\"@id\":\"https:\/\/zoppelletto.com\/de\/#website\"},\"datePublished\":\"2024-03-08T11:26:33+00:00\",\"dateModified\":\"2024-07-17T07:55:11+00:00\",\"breadcrumb\":{\"@id\":\"https:\/\/zoppelletto.com\/de\/unternehmen\/#breadcrumb\"},\"inLanguage\":\"de\",\"potentialAction\":[{\"@type\":\"ReadAction\",\"target\":[\"https:\/\/zoppelletto.com\/de\/unternehmen\/\"]}]},{\"@type\":\"BreadcrumbList\",\"@id\":\"https:\/\/zoppelletto.com\/de\/unternehmen\/#breadcrumb\",\"itemListElement\":[{\"@type\":\"ListItem\",\"position\":1,\"name\":\"Home\",\"item\":\"https:\/\/zoppelletto.com\/de\/\"},{\"@type\":\"ListItem\",\"position\":2,\"name\":\"Unternehmen\"}]},{\"@type\":\"WebSite\",\"@id\":\"https:\/\/zoppelletto.com\/de\/#website\",\"url\":\"https:\/\/zoppelletto.com\/de\/\",\"name\":\"Zoppelletto\",\"description\":\"Officine meccaniche\",\"potentialAction\":[{\"@type\":\"SearchAction\",\"target\":{\"@type\":\"EntryPoint\",\"urlTemplate\":\"https:\/\/zoppelletto.com\/de\/?s={search_term_string}\"},\"query-input\":{\"@type\":\"PropertyValueSpecification\",\"valueRequired\":true,\"valueName\":\"search_term_string\"}}],\"inLanguage\":\"de\"}]}<\/script>\n<!-- \/ Yoast SEO plugin. -->","yoast_head_json":{"title":"Unternehmen - Zoppelletto","robots":{"index":"index","follow":"follow","max-snippet":"max-snippet:-1","max-image-preview":"max-image-preview:large","max-video-preview":"max-video-preview:-1"},"canonical":"https:\/\/zoppelletto.com\/de\/unternehmen\/","og_locale":"de_DE","og_type":"article","og_title":"Unternehmen - Zoppelletto","og_url":"https:\/\/zoppelletto.com\/de\/unternehmen\/","og_site_name":"Zoppelletto","article_modified_time":"2024-07-17T07:55:11+00:00","twitter_card":"summary_large_image","twitter_misc":{"Gesch\u00e4tzte Lesezeit":"3\u00a0Minuten"},"schema":{"@context":"https:\/\/schema.org","@graph":[{"@type":"WebPage","@id":"https:\/\/zoppelletto.com\/de\/unternehmen\/","url":"https:\/\/zoppelletto.com\/de\/unternehmen\/","name":"Unternehmen - Zoppelletto","isPartOf":{"@id":"https:\/\/zoppelletto.com\/de\/#website"},"datePublished":"2024-03-08T11:26:33+00:00","dateModified":"2024-07-17T07:55:11+00:00","breadcrumb":{"@id":"https:\/\/zoppelletto.com\/de\/unternehmen\/#breadcrumb"},"inLanguage":"de","potentialAction":[{"@type":"ReadAction","target":["https:\/\/zoppelletto.com\/de\/unternehmen\/"]}]},{"@type":"BreadcrumbList","@id":"https:\/\/zoppelletto.com\/de\/unternehmen\/#breadcrumb","itemListElement":[{"@type":"ListItem","position":1,"name":"Home","item":"https:\/\/zoppelletto.com\/de\/"},{"@type":"ListItem","position":2,"name":"Unternehmen"}]},{"@type":"WebSite","@id":"https:\/\/zoppelletto.com\/de\/#website","url":"https:\/\/zoppelletto.com\/de\/","name":"Zoppelletto","description":"Officine meccaniche","potentialAction":[{"@type":"SearchAction","target":{"@type":"EntryPoint","urlTemplate":"https:\/\/zoppelletto.com\/de\/?s={search_term_string}"},"query-input":{"@type":"PropertyValueSpecification","valueRequired":true,"valueName":"search_term_string"}}],"inLanguage":"de"}]}},"_links":{"self":[{"href":"https:\/\/zoppelletto.com\/de\/wp-json\/wp\/v2\/pages\/1701","targetHints":{"allow":["GET"]}}],"collection":[{"href":"https:\/\/zoppelletto.com\/de\/wp-json\/wp\/v2\/pages"}],"about":[{"href":"https:\/\/zoppelletto.com\/de\/wp-json\/wp\/v2\/types\/page"}],"author":[{"embeddable":true,"href":"https:\/\/zoppelletto.com\/de\/wp-json\/wp\/v2\/users\/1"}],"replies":[{"embeddable":true,"href":"https:\/\/zoppelletto.com\/de\/wp-json\/wp\/v2\/comments?post=1701"}],"version-history":[{"count":7,"href":"https:\/\/zoppelletto.com\/de\/wp-json\/wp\/v2\/pages\/1701\/revisions"}],"predecessor-version":[{"id":1715,"href":"https:\/\/zoppelletto.com\/de\/wp-json\/wp\/v2\/pages\/1701\/revisions\/1715"}],"wp:attachment":[{"href":"https:\/\/zoppelletto.com\/de\/wp-json\/wp\/v2\/media?parent=1701"}],"curies":[{"name":"wp","href":"https:\/\/api.w.org\/{rel}","templated":true}]}}