{"id":1668,"date":"2024-03-18T09:26:14","date_gmt":"2024-03-18T09:26:14","guid":{"rendered":"https:\/\/zoppelletto.com\/materialien\/"},"modified":"2024-07-17T07:55:12","modified_gmt":"2024-07-17T07:55:12","slug":"materialien","status":"publish","type":"page","link":"https:\/\/zoppelletto.com\/de\/dienstleistungen\/materialien\/","title":{"rendered":"Materialien"},"content":{"rendered":"\n\t<section class=\"section dark\" id=\"section_660993512\">\n\t\t<div class=\"section-bg fill\" >\n\t\t\t\t\t\t\t\t\t\n\t\t\t\n\n\t\t<\/div>\n\n\t\t\n\n\t\t<div class=\"section-content relative\">\n\t\t\t\n<div class=\"row\"  id=\"row-1923407178\">\n\n\t<div id=\"col-443462417\" class=\"col small-12 large-12\"  >\n\t\t\t\t<div class=\"col-inner\"  >\n\t\t\t\n\t\t\t\n\t<div id=\"stack-943458391\" class=\"stack stack-row justify-start items-center\">\n\t\t\n\t<div id=\"text-3143149641\" class=\"text margin-0 deco-service\">\n\t\t\n<p><i class=\"fa-solid fa-square-full\"><\/i> &nbsp; <i class=\"fa-solid fa-square-full\"><\/i> &nbsp; <i class=\"fa-solid fa-square-full\"><\/i><\/p>\n\t\t\n<style>\n#text-3143149641 {\n  font-size: 2rem;\n  color: rgb(157, 159, 162);\n}\n#text-3143149641 > * {\n  color: rgb(157, 159, 162);\n}\n<\/style>\n\t<\/div>\n\t\n\t<div id=\"text-4242514318\" class=\"text margin-0\">\n\t\t\n<h1>Materialien<\/h1>\n\t\t\n<style>\n#text-4242514318 {\n  font-size: 2rem;\n}\n<\/style>\n\t<\/div>\n\t\n\t\t\n<style>\n#stack-943458391 > * {\n  --stack-gap: 2rem;\n}\n<\/style>\n\t<\/div>\n\t\n\t\t<\/div>\n\t\t\t\t\n<style>\n#col-443462417 > .col-inner {\n  padding: 42px 0px 16px 0px;\n  margin: 0px 0px 0px -120px;\n}\n@media (min-width:550px) {\n  #col-443462417 > .col-inner {\n    margin: 0px 0px 0px 0px;\n  }\n}\n<\/style>\n\t<\/div>\n\n\t\n<\/div>\n\t\t<\/div>\n\n\t\t\n<style>\n#section_660993512 {\n  padding-top: 0px;\n  padding-bottom: 0px;\n  background-color: #06038d;\n}\n<\/style>\n\t<\/section>\n\t\n<div class=\"row row-collapse row-full-width\"  id=\"row-946703861\">\n\n\t<div id=\"col-1515359674\" class=\"col small-12 large-12\"  >\n\t\t\t\t<div class=\"col-inner\"  >\n\t\t\t\n\t\t\t\n\t<div class=\"img has-hover hide-for-medium x md-x lg-x y md-y lg-y\" id=\"image_1112524154\">\n\t\t\t\t\t\t\t\t<div class=\"img-inner image-cover dark\" style=\"padding-top:5%;\">\n\t\t\t<img loading=\"lazy\" decoding=\"async\" width=\"1020\" height=\"1020\" src=\"https:\/\/zoppelletto.com\/wp-content\/uploads\/2024\/03\/zp-separator.svg\" class=\"attachment-large size-large\" alt=\"\" \/>\t\t\t\t\t\t\n\t\t\t\t\t<\/div>\n\t\t\t\t\t\t\t\t\n<style>\n#image_1112524154 {\n  width: 100%;\n}\n<\/style>\n\t<\/div>\n\t\n\t<div class=\"img has-hover show-for-medium x md-x lg-x y md-y lg-y\" id=\"image_878013695\">\n\t\t\t\t\t\t\t\t<div class=\"img-inner image-cover dark\" style=\"padding-top:15%;\">\n\t\t\t<img loading=\"lazy\" decoding=\"async\" width=\"1020\" height=\"1020\" src=\"https:\/\/zoppelletto.com\/wp-content\/uploads\/2024\/03\/zp-separator.svg\" class=\"attachment-large size-large\" alt=\"\" \/>\t\t\t\t\t\t\n\t\t\t\t\t<\/div>\n\t\t\t\t\t\t\t\t\n<style>\n#image_878013695 {\n  width: 100%;\n}\n<\/style>\n\t<\/div>\n\t\n\t\t<\/div>\n\t\t\t\t\n<style>\n#col-1515359674 > .col-inner {\n  margin: -24px 0px -80px 0px;\n}\n@media (min-width:850px) {\n  #col-1515359674 > .col-inner {\n    margin: -24px 0px -64px 0px;\n  }\n}\n<\/style>\n\t<\/div>\n\n\t\n<\/div>\n\n\t<section class=\"section\" id=\"section_1868269982\">\n\t\t<div class=\"section-bg fill\" >\n\t\t\t\t\t\t\t\t\t\n\t\t\t\n\n\t\t<\/div>\n\n\t\t\n\n\t\t<div class=\"section-content relative\">\n\t\t\t\n<div class=\"row\"  id=\"row-1359891913\">\n\n\t<div id=\"col-235399621\" class=\"col medium-12 small-12 large-8\"  data-animate=\"fadeInUp\">\n\t\t\t\t<div class=\"col-inner\"  >\n\t\t\t\n\t\t\t\n\t<div id=\"text-3395009746\" class=\"text light\">\n\t\t\n<h2>Ein gro\u00dfer Vorrat an Materialien verschiedener Qualit\u00e4ten und Dicken (von 1 mm bis 300 mm) ist in unseren Fabriken immer verf\u00fcgbar.<\/h2>\n\t\t\t<\/div>\n\t\n\t<div id=\"gap-744271477\" class=\"gap-element clearfix\" style=\"display:block; height:auto;\">\n\t\t\n<style>\n#gap-744271477 {\n  padding-top: 30px;\n}\n<\/style>\n\t<\/div>\n\t\n<div class=\"row\"  id=\"row-1003517306\">\n\n\t<div id=\"col-1418268977\" class=\"col small-12 large-12\"  data-animate=\"fadeInUp\">\n\t\t\t\t<div class=\"col-inner\"  >\n\t\t\t\n\t\t\t\n<p>Sie finden Kohlenstoffst\u00e4hle, sowohl in Coils als auch in vorgestrahlten Coils, Korrosionsschutzbleche (Typ Corten), Verschlei\u00dfbleche (Hardox), hochfeste (Strenx), Materialien f\u00fcr Hochdruckanwendungen (Kesselbau) und Edelstahl.<\/p>\n\t\t<\/div>\n\t\t\t\t\t<\/div>\n\n\t\n<\/div>\n\t<div id=\"text-3706762083\" class=\"text light\">\n\t\t\n<h4>Gestreifte, gepr\u00e4gte und verzinkte Bleche sind ebenfalls erh\u00e4ltlich.<\/h4>\n\t\t\t<\/div>\n\t\n\t\t<\/div>\n\t\t\t\t\t<\/div>\n\n\t\n<\/div>\n<div class=\"row\"  id=\"row-2011320958\">\n\n\t<div id=\"col-1745566901\" class=\"col margin-0 medium-12 small-12 large-12\"  data-animate=\"fadeInUp\">\n\t\t\t\t<div class=\"col-inner\"  >\n\t\t\t\n\t<div class=\"is-border\"\n\t\tstyle=\"border-width:1px 1px 1px 1px;\">\n\t<\/div>\n\t\t\t\n<div class=\"row row-collapse align-equal row-solid\"  id=\"row-975517147\">\n\n\t<div id=\"col-455674345\" class=\"col medium-4 small-4 large-4\"  >\n\t\t\t\t<div class=\"col-inner\" style=\"background-color:rgba(36, 60, 136, 0.1);\" >\n\t\t\t\n\t\t\t\n\t<div id=\"text-3158083973\" class=\"text light margin-0\">\n\t\t\n<p>Material<\/p>\n\t\t\n<style>\n#text-3158083973 {\n  font-size: 0.8rem;\n}\n<\/style>\n\t<\/div>\n\t\n\t\t<\/div>\n\t\t\t\t\n<style>\n#col-455674345 > .col-inner {\n  padding: 16px 16px 16px 16px;\n}\n<\/style>\n\t<\/div>\n\n\t\n\n\t<div id=\"col-1421030434\" class=\"col medium-4 small-4 large-4\"  >\n\t\t\t\t<div class=\"col-inner\" style=\"background-color:rgba(36, 60, 136, 0.1);\" >\n\t\t\t\n\t\t\t\n\t<div id=\"text-355330738\" class=\"text light margin-0\">\n\t\t\n<p>Standard<\/p>\n\t\t\n<style>\n#text-355330738 {\n  font-size: 0.8rem;\n}\n<\/style>\n\t<\/div>\n\t\n\t\t<\/div>\n\t\t\t\t\n<style>\n#col-1421030434 > .col-inner {\n  padding: 16px 16px 16px 16px;\n}\n<\/style>\n\t<\/div>\n\n\t\n\n\t<div id=\"col-1731227655\" class=\"col medium-4 small-4 large-4\"  >\n\t\t\t\t<div class=\"col-inner\" style=\"background-color:rgba(36, 60, 136, 0.1);\" >\n\t\t\t\n\t\t\t\n\t<div id=\"text-1070856593\" class=\"text light margin-0\">\n\t\t\n<p>Qualit\u00e4t<\/p>\n\t\t\n<style>\n#text-1070856593 {\n  font-size: 0.8rem;\n}\n<\/style>\n\t<\/div>\n\t\n\t\t<\/div>\n\t\t\t\t\n<style>\n#col-1731227655 > .col-inner {\n  padding: 16px 16px 16px 16px;\n}\n<\/style>\n\t<\/div>\n\n\t\n\n\t<div id=\"col-1560320643\" class=\"col medium-4 small-4 large-4\"  >\n\t\t\t\t<div class=\"col-inner\"  >\n\t\t\t\n\t\t\t\n\t<div id=\"text-3562981360\" class=\"text light margin-0\">\n\t\t\n<p>Strukturierte Kohlenstoffst\u00e4hle<\/p>\n\t\t\n<style>\n#text-3562981360 {\n  font-size: 0.8rem;\n}\n<\/style>\n\t<\/div>\n\t\n\t\t<\/div>\n\t\t\t\t\n<style>\n#col-1560320643 > .col-inner {\n  padding: 16px 16px 16px 16px;\n}\n<\/style>\n\t<\/div>\n\n\t\n\n\t<div id=\"col-793184415\" class=\"col medium-4 small-4 large-4\"  >\n\t\t\t\t<div class=\"col-inner\"  >\n\t\t\t\n\t\t\t\n\t<div id=\"text-536922246\" class=\"text light margin-0\">\n\t\t\n<p>EN 10025- 2<\/p>\n\t\t\n<style>\n#text-536922246 {\n  font-size: 0.8rem;\n}\n<\/style>\n\t<\/div>\n\t\n\t\t<\/div>\n\t\t\t\t\n<style>\n#col-793184415 > .col-inner {\n  padding: 16px 16px 16px 16px;\n}\n<\/style>\n\t<\/div>\n\n\t\n\n\t<div id=\"col-1144120730\" class=\"col medium-4 small-4 large-4\"  >\n\t\t\t\t<div class=\"col-inner\"  >\n\t\t\t\n\t\t\t\n\t<div id=\"text-782589870\" class=\"text light margin-0\">\n\t\t\n<p>S275JR, S275J0, S275J2+N, S355JR, S355J0, S355J2+N, S460N, S460NL<\/p>\n\t\t\n<style>\n#text-782589870 {\n  font-size: 0.8rem;\n}\n<\/style>\n\t<\/div>\n\t\n\t\t<\/div>\n\t\t\t\t\n<style>\n#col-1144120730 > .col-inner {\n  padding: 16px 16px 16px 16px;\n}\n<\/style>\n\t<\/div>\n\n\t\n\n\t<div id=\"col-492467745\" class=\"col medium-4 small-4 large-4\"  >\n\t\t\t\t<div class=\"col-inner\"  >\n\t\t\t\n\t\t\t\n\t<div id=\"text-2735248903\" class=\"text light margin-0\">\n\t\t\n<p>Hochfeste, verg\u00fctete Baust\u00e4hle<\/p>\n\t\t\n<style>\n#text-2735248903 {\n  font-size: 0.8rem;\n}\n<\/style>\n\t<\/div>\n\t\n\t\t<\/div>\n\t\t\t\t\n<style>\n#col-492467745 > .col-inner {\n  padding: 16px 16px 16px 16px;\n}\n<\/style>\n\t<\/div>\n\n\t\n\n\t<div id=\"col-1766284601\" class=\"col medium-4 small-4 large-4\"  >\n\t\t\t\t<div class=\"col-inner\"  >\n\t\t\t\n\t\t\t\n\t<div id=\"text-3539134649\" class=\"text light margin-0\">\n\t\t\n<p>EN10025-6, EN10140-2<\/p>\n\t\t\n<style>\n#text-3539134649 {\n  font-size: 0.8rem;\n}\n<\/style>\n\t<\/div>\n\t\n\t\t<\/div>\n\t\t\t\t\n<style>\n#col-1766284601 > .col-inner {\n  padding: 16px 16px 16px 16px;\n}\n<\/style>\n\t<\/div>\n\n\t\n\n\t<div id=\"col-875685160\" class=\"col medium-4 small-4 large-4\"  >\n\t\t\t\t<div class=\"col-inner\"  >\n\t\t\t\n\t\t\t\n\t<div id=\"text-849844546\" class=\"text light margin-0\">\n\t\t\n<p>S700, S690QL, S690QL1, STRENX700, STRENX700MC<\/p>\n\t\t\n<style>\n#text-849844546 {\n  font-size: 0.8rem;\n}\n<\/style>\n\t<\/div>\n\t\n\t\t<\/div>\n\t\t\t\t\n<style>\n#col-875685160 > .col-inner {\n  padding: 16px 16px 16px 16px;\n}\n<\/style>\n\t<\/div>\n\n\t\n\n\t<div id=\"col-1455772517\" class=\"col medium-4 small-4 large-4\"  >\n\t\t\t\t<div class=\"col-inner\"  >\n\t\t\t\n\t\t\t\n\t<div id=\"text-2274025149\" class=\"text light margin-0\">\n\t\t\n<p>Abriebfester Stahl<\/p>\n\t\t\n<style>\n#text-2274025149 {\n  font-size: 0.8rem;\n}\n<\/style>\n\t<\/div>\n\t\n\t\t<\/div>\n\t\t\t\t\n<style>\n#col-1455772517 > .col-inner {\n  padding: 16px 16px 16px 16px;\n}\n<\/style>\n\t<\/div>\n\n\t\n\n\t<div id=\"col-2129098067\" class=\"col medium-4 small-4 large-4\"  >\n\t\t\t\t<div class=\"col-inner\"  >\n\t\t\t\n\t\t\t\n\t<div id=\"text-553905537\" class=\"text light margin-0\">\n\t\t\n<p>SSAB<\/p>\n\t\t\n<style>\n#text-553905537 {\n  font-size: 0.8rem;\n}\n<\/style>\n\t<\/div>\n\t\n\t\t<\/div>\n\t\t\t\t\n<style>\n#col-2129098067 > .col-inner {\n  padding: 16px 16px 16px 16px;\n}\n<\/style>\n\t<\/div>\n\n\t\n\n\t<div id=\"col-1764964000\" class=\"col medium-4 small-4 large-4\"  >\n\t\t\t\t<div class=\"col-inner\"  >\n\t\t\t\n\t\t\t\n\t<div id=\"text-3392308229\" class=\"text light margin-0\">\n\t\t\n<p>HARDOX 400\/450\/500HB<\/p>\n\t\t\n<style>\n#text-3392308229 {\n  font-size: 0.8rem;\n}\n<\/style>\n\t<\/div>\n\t\n\t\t<\/div>\n\t\t\t\t\n<style>\n#col-1764964000 > .col-inner {\n  padding: 16px 16px 16px 16px;\n}\n<\/style>\n\t<\/div>\n\n\t\n\n\t<div id=\"col-1722390333\" class=\"col medium-4 small-4 large-4\"  >\n\t\t\t\t<div class=\"col-inner\"  >\n\t\t\t\n\t\t\t\n\t<div id=\"text-3887874772\" class=\"text light margin-0\">\n\t\t\n<p>Korrosionsbest\u00e4ndige Corten-Stahlbleche<\/p>\n\t\t\n<style>\n#text-3887874772 {\n  font-size: 0.8rem;\n}\n<\/style>\n\t<\/div>\n\t\n\t\t<\/div>\n\t\t\t\t\n<style>\n#col-1722390333 > .col-inner {\n  padding: 16px 16px 16px 16px;\n}\n<\/style>\n\t<\/div>\n\n\t\n\n\t<div id=\"col-756623494\" class=\"col medium-4 small-4 large-4\"  >\n\t\t\t\t<div class=\"col-inner\"  >\n\t\t\t\n\t\t\t\n\t<div id=\"text-813786062\" class=\"text light margin-0\">\n\t\t\n<p>EN10025-5<\/p>\n\t\t\n<style>\n#text-813786062 {\n  font-size: 0.8rem;\n}\n<\/style>\n\t<\/div>\n\t\n\t\t<\/div>\n\t\t\t\t\n<style>\n#col-756623494 > .col-inner {\n  padding: 16px 16px 16px 16px;\n}\n<\/style>\n\t<\/div>\n\n\t\n\n\t<div id=\"col-652627354\" class=\"col medium-4 small-4 large-4\"  >\n\t\t\t\t<div class=\"col-inner\"  >\n\t\t\t\n\t\t\t\n\t<div id=\"text-1249461677\" class=\"text light margin-0\">\n\t\t\n<p>S355 J0W+AR, S355 J2W+N<\/p>\n\t\t\n<style>\n#text-1249461677 {\n  font-size: 0.8rem;\n}\n<\/style>\n\t<\/div>\n\t\n\t\t<\/div>\n\t\t\t\t\n<style>\n#col-652627354 > .col-inner {\n  padding: 16px 16px 16px 16px;\n}\n<\/style>\n\t<\/div>\n\n\t\n\n\t<div id=\"col-706965433\" class=\"col medium-4 small-4 large-4\"  >\n\t\t\t\t<div class=\"col-inner\"  >\n\t\t\t\n\t\t\t\n\t<div id=\"text-2196268297\" class=\"text light margin-0\">\n\t\t\n<p>St\u00e4hle f\u00fcr Heizkessel und Druckbeh\u00e4lter<\/p>\n\t\t\n<style>\n#text-2196268297 {\n  font-size: 0.8rem;\n}\n<\/style>\n\t<\/div>\n\t\n\t\t<\/div>\n\t\t\t\t\n<style>\n#col-706965433 > .col-inner {\n  padding: 16px 16px 16px 16px;\n}\n<\/style>\n\t<\/div>\n\n\t\n\n\t<div id=\"col-443734986\" class=\"col medium-4 small-4 large-4\"  >\n\t\t\t\t<div class=\"col-inner\"  >\n\t\t\t\n\t\t\t\n\t<div id=\"text-2032612168\" class=\"text light margin-0\">\n\t\t\n<p>E10028-2\/3, ASTM\/ASME<\/p>\n\t\t\n<style>\n#text-2032612168 {\n  font-size: 0.8rem;\n}\n<\/style>\n\t<\/div>\n\t\n\t\t<\/div>\n\t\t\t\t\n<style>\n#col-443734986 > .col-inner {\n  padding: 16px 16px 16px 16px;\n}\n<\/style>\n\t<\/div>\n\n\t\n\n\t<div id=\"col-1510911108\" class=\"col medium-4 small-4 large-4\"  >\n\t\t\t\t<div class=\"col-inner\"  >\n\t\t\t\n\t\t\t\n\t<div id=\"text-2219533699\" class=\"text light margin-0\">\n\t\t\n<p>P265GH, P295GH, P355GH, P275NH, P355NH, P355NL1, P460NH, P460NL2, A\/SA516 gr60, A\/SA516 gr70<\/p>\n\t\t\n<style>\n#text-2219533699 {\n  font-size: 0.8rem;\n}\n<\/style>\n\t<\/div>\n\t\n\t\t<\/div>\n\t\t\t\t\n<style>\n#col-1510911108 > .col-inner {\n  padding: 16px 16px 16px 16px;\n}\n<\/style>\n\t<\/div>\n\n\t\n\n\t<div id=\"col-731786743\" class=\"col medium-4 small-4 large-4\"  >\n\t\t\t\t<div class=\"col-inner\"  >\n\t\t\t\n\t\t\t\n\t<div id=\"text-2191324136\" class=\"text light margin-0\">\n\t\t\n<p>Rostfreier Stahl<\/p>\n\t\t\n<style>\n#text-2191324136 {\n  font-size: 0.8rem;\n}\n<\/style>\n\t<\/div>\n\t\n\t\t<\/div>\n\t\t\t\t\n<style>\n#col-731786743 > .col-inner {\n  padding: 16px 16px 16px 16px;\n}\n<\/style>\n\t<\/div>\n\n\t\n\n\t<div id=\"col-2008215329\" class=\"col medium-4 small-4 large-4\"  >\n\t\t\t\t<div class=\"col-inner\"  >\n\t\t\t\n\t\t\t\n\t<div id=\"text-252713463\" class=\"text light margin-0\">\n\t\t\n<p>EN10088<\/p>\n\t\t\n<style>\n#text-252713463 {\n  font-size: 0.8rem;\n}\n<\/style>\n\t<\/div>\n\t\n\t\t<\/div>\n\t\t\t\t\n<style>\n#col-2008215329 > .col-inner {\n  padding: 16px 16px 16px 16px;\n}\n<\/style>\n\t<\/div>\n\n\t\n\n\t<div id=\"col-463071614\" class=\"col medium-4 small-4 large-4\"  >\n\t\t\t\t<div class=\"col-inner\"  >\n\t\t\t\n\t\t\t\n\t<div id=\"text-2212338827\" class=\"text light margin-0\">\n\t\t\n<p>AISI 304, AISI 316<\/p>\n\t\t\n<style>\n#text-2212338827 {\n  font-size: 0.8rem;\n}\n<\/style>\n\t<\/div>\n\t\n\t\t<\/div>\n\t\t\t\t\n<style>\n#col-463071614 > .col-inner {\n  padding: 16px 16px 16px 16px;\n}\n<\/style>\n\t<\/div>\n\n\t\n<\/div>\n\t\t<\/div>\n\t\t\t\t\t<\/div>\n\n\t\n<\/div>\n\t\t<\/div>\n\n\t\t\n<style>\n#section_1868269982 {\n  padding-top: 60px;\n  padding-bottom: 60px;\n}\n<\/style>\n\t<\/section>\n\t\n\n\t<section class=\"section has-parallax\" id=\"section_1913668419\">\n\t\t<div class=\"section-bg fill\" data-parallax-container=\".section\" data-parallax-background data-parallax=\"-9\">\n\t\t\t<img loading=\"lazy\" decoding=\"async\" width=\"1620\" height=\"1080\" src=\"https:\/\/zoppelletto.com\/wp-content\/uploads\/2024\/04\/David-Hatters-David-Hatters-ZOPPELLETTO-20243160-unito_web.jpg\" class=\"bg attachment-original size-original\" alt=\"\" \/>\t\t\t\t\t\t\n\t\t\t\n\n\t\t<\/div>\n\n\t\t\n\n\t\t<div class=\"section-content relative\">\n\t\t\t\n\t\t<\/div>\n\n\t\t\n<style>\n#section_1913668419 {\n  padding-top: 30px;\n  padding-bottom: 30px;\n  min-height: 520px;\n}\n<\/style>\n\t<\/section>\n\t\n","protected":false},"excerpt":{"rendered":"","protected":false},"author":1,"featured_media":0,"parent":1709,"menu_order":0,"comment_status":"closed","ping_status":"closed","template":"page-blank.php","meta":{"_acf_changed":false,"inline_featured_image":false,"footnotes":""},"class_list":["post-1668","page","type-page","status-publish","hentry"],"acf":[],"yoast_head":"<!-- This site is optimized with the Yoast SEO plugin v23.7 - https:\/\/yoast.com\/wordpress\/plugins\/seo\/ -->\n<title>Materialien - Zoppelletto<\/title>\n<meta name=\"robots\" content=\"index, follow, max-snippet:-1, max-image-preview:large, max-video-preview:-1\" \/>\n<link rel=\"canonical\" href=\"https:\/\/zoppelletto.com\/de\/dienstleistungen\/materialien\/\" \/>\n<meta property=\"og:locale\" content=\"de_DE\" \/>\n<meta property=\"og:type\" content=\"article\" \/>\n<meta property=\"og:title\" content=\"Materialien - Zoppelletto\" \/>\n<meta property=\"og:url\" content=\"https:\/\/zoppelletto.com\/de\/dienstleistungen\/materialien\/\" \/>\n<meta property=\"og:site_name\" content=\"Zoppelletto\" \/>\n<meta property=\"article:modified_time\" content=\"2024-07-17T07:55:12+00:00\" \/>\n<meta name=\"twitter:card\" content=\"summary_large_image\" \/>\n<meta name=\"twitter:label1\" content=\"Gesch\u00e4tzte Lesezeit\" \/>\n\t<meta name=\"twitter:data1\" content=\"4\u00a0Minuten\" \/>\n<script type=\"application\/ld+json\" class=\"yoast-schema-graph\">{\"@context\":\"https:\/\/schema.org\",\"@graph\":[{\"@type\":\"WebPage\",\"@id\":\"https:\/\/zoppelletto.com\/de\/dienstleistungen\/materialien\/\",\"url\":\"https:\/\/zoppelletto.com\/de\/dienstleistungen\/materialien\/\",\"name\":\"Materialien - Zoppelletto\",\"isPartOf\":{\"@id\":\"https:\/\/zoppelletto.com\/de\/#website\"},\"datePublished\":\"2024-03-18T09:26:14+00:00\",\"dateModified\":\"2024-07-17T07:55:12+00:00\",\"breadcrumb\":{\"@id\":\"https:\/\/zoppelletto.com\/de\/dienstleistungen\/materialien\/#breadcrumb\"},\"inLanguage\":\"de\",\"potentialAction\":[{\"@type\":\"ReadAction\",\"target\":[\"https:\/\/zoppelletto.com\/de\/dienstleistungen\/materialien\/\"]}]},{\"@type\":\"BreadcrumbList\",\"@id\":\"https:\/\/zoppelletto.com\/de\/dienstleistungen\/materialien\/#breadcrumb\",\"itemListElement\":[{\"@type\":\"ListItem\",\"position\":1,\"name\":\"Home\",\"item\":\"https:\/\/zoppelletto.com\/de\/\"},{\"@type\":\"ListItem\",\"position\":2,\"name\":\"Dienstleistungen\",\"item\":\"https:\/\/zoppelletto.com\/de\/servizi\/\"},{\"@type\":\"ListItem\",\"position\":3,\"name\":\"Materialien\"}]},{\"@type\":\"WebSite\",\"@id\":\"https:\/\/zoppelletto.com\/de\/#website\",\"url\":\"https:\/\/zoppelletto.com\/de\/\",\"name\":\"Zoppelletto\",\"description\":\"Officine meccaniche\",\"potentialAction\":[{\"@type\":\"SearchAction\",\"target\":{\"@type\":\"EntryPoint\",\"urlTemplate\":\"https:\/\/zoppelletto.com\/de\/?s={search_term_string}\"},\"query-input\":{\"@type\":\"PropertyValueSpecification\",\"valueRequired\":true,\"valueName\":\"search_term_string\"}}],\"inLanguage\":\"de\"}]}<\/script>\n<!-- \/ Yoast SEO plugin. -->","yoast_head_json":{"title":"Materialien - Zoppelletto","robots":{"index":"index","follow":"follow","max-snippet":"max-snippet:-1","max-image-preview":"max-image-preview:large","max-video-preview":"max-video-preview:-1"},"canonical":"https:\/\/zoppelletto.com\/de\/dienstleistungen\/materialien\/","og_locale":"de_DE","og_type":"article","og_title":"Materialien - Zoppelletto","og_url":"https:\/\/zoppelletto.com\/de\/dienstleistungen\/materialien\/","og_site_name":"Zoppelletto","article_modified_time":"2024-07-17T07:55:12+00:00","twitter_card":"summary_large_image","twitter_misc":{"Gesch\u00e4tzte Lesezeit":"4\u00a0Minuten"},"schema":{"@context":"https:\/\/schema.org","@graph":[{"@type":"WebPage","@id":"https:\/\/zoppelletto.com\/de\/dienstleistungen\/materialien\/","url":"https:\/\/zoppelletto.com\/de\/dienstleistungen\/materialien\/","name":"Materialien - Zoppelletto","isPartOf":{"@id":"https:\/\/zoppelletto.com\/de\/#website"},"datePublished":"2024-03-18T09:26:14+00:00","dateModified":"2024-07-17T07:55:12+00:00","breadcrumb":{"@id":"https:\/\/zoppelletto.com\/de\/dienstleistungen\/materialien\/#breadcrumb"},"inLanguage":"de","potentialAction":[{"@type":"ReadAction","target":["https:\/\/zoppelletto.com\/de\/dienstleistungen\/materialien\/"]}]},{"@type":"BreadcrumbList","@id":"https:\/\/zoppelletto.com\/de\/dienstleistungen\/materialien\/#breadcrumb","itemListElement":[{"@type":"ListItem","position":1,"name":"Home","item":"https:\/\/zoppelletto.com\/de\/"},{"@type":"ListItem","position":2,"name":"Dienstleistungen","item":"https:\/\/zoppelletto.com\/de\/servizi\/"},{"@type":"ListItem","position":3,"name":"Materialien"}]},{"@type":"WebSite","@id":"https:\/\/zoppelletto.com\/de\/#website","url":"https:\/\/zoppelletto.com\/de\/","name":"Zoppelletto","description":"Officine meccaniche","potentialAction":[{"@type":"SearchAction","target":{"@type":"EntryPoint","urlTemplate":"https:\/\/zoppelletto.com\/de\/?s={search_term_string}"},"query-input":{"@type":"PropertyValueSpecification","valueRequired":true,"valueName":"search_term_string"}}],"inLanguage":"de"}]}},"_links":{"self":[{"href":"https:\/\/zoppelletto.com\/de\/wp-json\/wp\/v2\/pages\/1668","targetHints":{"allow":["GET"]}}],"collection":[{"href":"https:\/\/zoppelletto.com\/de\/wp-json\/wp\/v2\/pages"}],"about":[{"href":"https:\/\/zoppelletto.com\/de\/wp-json\/wp\/v2\/types\/page"}],"author":[{"embeddable":true,"href":"https:\/\/zoppelletto.com\/de\/wp-json\/wp\/v2\/users\/1"}],"replies":[{"embeddable":true,"href":"https:\/\/zoppelletto.com\/de\/wp-json\/wp\/v2\/comments?post=1668"}],"version-history":[{"count":7,"href":"https:\/\/zoppelletto.com\/de\/wp-json\/wp\/v2\/pages\/1668\/revisions"}],"predecessor-version":[{"id":1694,"href":"https:\/\/zoppelletto.com\/de\/wp-json\/wp\/v2\/pages\/1668\/revisions\/1694"}],"up":[{"embeddable":true,"href":"https:\/\/zoppelletto.com\/de\/wp-json\/wp\/v2\/pages\/1709"}],"wp:attachment":[{"href":"https:\/\/zoppelletto.com\/de\/wp-json\/wp\/v2\/media?parent=1668"}],"curies":[{"name":"wp","href":"https:\/\/api.w.org\/{rel}","templated":true}]}}