{"id":1633,"date":"2024-03-08T11:31:44","date_gmt":"2024-03-08T11:31:44","guid":{"rendered":"https:\/\/zoppelletto.com\/biegen\/"},"modified":"2024-07-17T07:55:11","modified_gmt":"2024-07-17T07:55:11","slug":"biegen","status":"publish","type":"page","link":"https:\/\/zoppelletto.com\/de\/dienstleistungen\/biegen\/","title":{"rendered":"Biegen"},"content":{"rendered":"\n\t<section class=\"section dark\" id=\"section_1643243308\">\n\t\t<div class=\"section-bg fill\" >\n\t\t\t\t\t\t\t\t\t\n\t\t\t\n\n\t\t<\/div>\n\n\t\t\n\n\t\t<div class=\"section-content relative\">\n\t\t\t\n<div class=\"row\"  id=\"row-415034530\">\n\n\t<div id=\"col-126333404\" class=\"col small-12 large-12\"  >\n\t\t\t\t<div class=\"col-inner\"  >\n\t\t\t\n\t\t\t\n\t<div id=\"stack-2297931651\" class=\"stack stack-row justify-start items-center\">\n\t\t\n\t<div id=\"text-1450676160\" class=\"text margin-0 deco-service\">\n\t\t\n<p><i class=\"fa-solid fa-square-full\"><\/i> &nbsp; <i class=\"fa-solid fa-square-full\"><\/i> &nbsp; <i class=\"fa-solid fa-square-full\"><\/i><\/p>\n\t\t\n<style>\n#text-1450676160 {\n  font-size: 2rem;\n  color: rgb(210, 89, 40);\n}\n#text-1450676160 > * {\n  color: rgb(210, 89, 40);\n}\n<\/style>\n\t<\/div>\n\t\n\t<div id=\"text-2963414586\" class=\"text margin-0\">\n\t\t\n<h1>Biegen<\/h1>\n\t\t\n<style>\n#text-2963414586 {\n  font-size: 2rem;\n}\n<\/style>\n\t<\/div>\n\t\n\t\t\n<style>\n#stack-2297931651 > * {\n  --stack-gap: 2rem;\n}\n<\/style>\n\t<\/div>\n\t\n\t\t<\/div>\n\t\t\t\t\n<style>\n#col-126333404 > .col-inner {\n  padding: 42px 0px 16px 0px;\n  margin: 0px 0px 0px -120px;\n}\n@media (min-width:550px) {\n  #col-126333404 > .col-inner {\n    margin: 0px 0px 0px 0px;\n  }\n}\n<\/style>\n\t<\/div>\n\n\t\n<\/div>\n\t\t<\/div>\n\n\t\t\n<style>\n#section_1643243308 {\n  padding-top: 0px;\n  padding-bottom: 0px;\n  background-color: #06038d;\n}\n<\/style>\n\t<\/section>\n\t\n<div class=\"row row-collapse row-full-width\"  id=\"row-270375200\">\n\n\t<div id=\"col-1972289438\" class=\"col small-12 large-12\"  >\n\t\t\t\t<div class=\"col-inner\"  >\n\t\t\t\n\t\t\t\n\t<div class=\"img has-hover hide-for-medium x md-x lg-x y md-y lg-y\" id=\"image_48188132\">\n\t\t\t\t\t\t\t\t<div class=\"img-inner image-cover dark\" style=\"padding-top:5%;\">\n\t\t\t<img loading=\"lazy\" decoding=\"async\" width=\"1020\" height=\"1020\" src=\"https:\/\/zoppelletto.com\/wp-content\/uploads\/2024\/03\/zp-separator.svg\" class=\"attachment-large size-large\" alt=\"\" \/>\t\t\t\t\t\t\n\t\t\t\t\t<\/div>\n\t\t\t\t\t\t\t\t\n<style>\n#image_48188132 {\n  width: 100%;\n}\n<\/style>\n\t<\/div>\n\t\n\t<div class=\"img has-hover show-for-medium x md-x lg-x y md-y lg-y\" id=\"image_1179832969\">\n\t\t\t\t\t\t\t\t<div class=\"img-inner image-cover dark\" style=\"padding-top:15%;\">\n\t\t\t<img loading=\"lazy\" decoding=\"async\" width=\"1020\" height=\"1020\" src=\"https:\/\/zoppelletto.com\/wp-content\/uploads\/2024\/03\/zp-separator.svg\" class=\"attachment-large size-large\" alt=\"\" \/>\t\t\t\t\t\t\n\t\t\t\t\t<\/div>\n\t\t\t\t\t\t\t\t\n<style>\n#image_1179832969 {\n  width: 100%;\n}\n<\/style>\n\t<\/div>\n\t\n\t\t<\/div>\n\t\t\t\t\n<style>\n#col-1972289438 > .col-inner {\n  margin: -24px 0px -80px 0px;\n}\n@media (min-width:850px) {\n  #col-1972289438 > .col-inner {\n    margin: -24px 0px -64px 0px;\n  }\n}\n<\/style>\n\t<\/div>\n\n\t\n<\/div>\n\n\t<section class=\"section\" id=\"section_334537541\">\n\t\t<div class=\"section-bg fill\" >\n\t\t\t\t\t\t\t\t\t\n\t\t\t\n\n\t\t<\/div>\n\n\t\t\n\n\t\t<div class=\"section-content relative\">\n\t\t\t\n<div class=\"row\"  id=\"row-195283887\">\n\n\t<div id=\"col-536101222\" class=\"col margin-0 medium-12 small-12 large-8\"  data-animate=\"fadeInUp\">\n\t\t\t\t<div class=\"col-inner\"  >\n\t\t\t\n\t\t\t\n\t<div id=\"text-2355522267\" class=\"text light\">\n\t\t\n<h2>Das Biegen ist eine wichtige Dienstleistung in unserem Kerngesch\u00e4ft und erm\u00f6glicht es uns, die Projekte unserer Kunden zu &#8218;formen&#8216;.<\/h2>\n\t\t\t<\/div>\n\t\n\t<div id=\"gap-34095007\" class=\"gap-element clearfix\" style=\"display:block; height:auto;\">\n\t\t\n<style>\n#gap-34095007 {\n  padding-top: 30px;\n}\n<\/style>\n\t<\/div>\n\t\n<div class=\"row\"  id=\"row-1729171815\">\n\n\t<div id=\"col-571204404\" class=\"col margin-0 medium-11 small-12 large-11\"  data-animate=\"fadeInUp\">\n\t\t\t\t<div class=\"col-inner\"  >\n\t\t\t\n\t\t\t\n<p>Officine Zoppelletto Srl bietet Unternehmen einen hoch spezialisierten und technologisch fortschrittlichen Biegeservice, der Pr\u00e4zision, Effizienz und die Einhaltung der erforderlichen technischen Spezifikationen garantiert.<\/p>\n\t\t<\/div>\n\t\t\t\t\t<\/div>\n\n\t\n<\/div>\n\t\t<\/div>\n\t\t\t\t\t<\/div>\n\n\t\n<\/div>\n\t\t<\/div>\n\n\t\t\n<style>\n#section_334537541 {\n  padding-top: 60px;\n  padding-bottom: 60px;\n}\n<\/style>\n\t<\/section>\n\t\n\n\t<section class=\"section\" id=\"section_2123027757\">\n\t\t<div class=\"section-bg fill\" >\n\t\t\t\t\t\t\t\t\t\n\t\t\t\n\n\t\t<\/div>\n\n\t\t\n\n\t\t<div class=\"section-content relative\">\n\t\t\t\n<div class=\"row\"  id=\"row-961820252\">\n\n\t<div id=\"col-1976351439\" class=\"col margin-0 medium-12 small-12 large-8\"  data-animate=\"fadeInUp\">\n\t\t\t\t<div class=\"col-inner\"  >\n\t\t\t\n\t\t\t\n\t<div id=\"text-3009870261\" class=\"text light\">\n\t\t\n<h3>Technologische F\u00e4higkeiten<\/h3>\n\t\t\n<style>\n#text-3009870261 {\n  font-size: 2rem;\n}\n<\/style>\n\t<\/div>\n\t\n<div class=\"row\"  id=\"row-2030381006\">\n\n\t<div id=\"col-764551114\" class=\"col medium-6 small-12 large-6\"  data-animate=\"fadeInUp\">\n\t\t\t\t<div class=\"col-inner\"  >\n\t\t\t\n\t\t\t\n<p>Mit hydraulischen Abkantpressen der neuesten Generation ist Officine Zoppelletto Srl in der Lage, Bleche mit einer L\u00e4nge von bis zu 13 Metern und einer maximalen Kraft von 2500 Tonnen zu biegen.<\/p>\n\t\t<\/div>\n\t\t\t\t\t<\/div>\n\n\t\n\n\t<div id=\"col-177776205\" class=\"col medium-6 small-12 large-6\"  data-animate=\"fadeInUp\">\n\t\t\t\t<div class=\"col-inner\"  >\n\t\t\t\n\t\t\t\n<p>Dadurch sind wir in der Lage, eine Vielzahl von Bearbeitungen, von einfachen bis hin zu hochkomplexen, mit hohen Qualit\u00e4tsstandards durchzuf\u00fchren.<\/p>\n\t\t<\/div>\n\t\t\t\t\t<\/div>\n\n\t\n<\/div>\n\t\t<\/div>\n\t\t\t\t\t<\/div>\n\n\t\n<\/div>\n<div class=\"row\"  id=\"row-580536267\">\n\n\t<div id=\"col-1619766860\" class=\"col margin-0 medium-12 small-12 large-8\"  data-animate=\"fadeInUp\">\n\t\t\t\t<div class=\"col-inner\"  >\n\t\t\t\n\t<div class=\"is-border\"\n\t\tstyle=\"border-width:1px 1px 1px 1px;\">\n\t<\/div>\n\t\t\t\n<div class=\"row row-collapse align-equal row-solid\"  id=\"row-1858975249\">\n\n\t<div id=\"col-238542424\" class=\"col small-12 large-12\"  >\n\t\t\t\t<div class=\"col-inner dark\" style=\"background-color:#243c88;\" >\n\t\t\t\n\t\t\t\n\t<div id=\"text-2726077912\" class=\"text strong margin-0 uppercase\">\n\t\t\n<p>Hydraulische Abkantpressen<\/p>\n\t\t\n<style>\n#text-2726077912 {\n  font-size: 0.8rem;\n}\n<\/style>\n\t<\/div>\n\t\n\t\t<\/div>\n\t\t\t\t\n<style>\n#col-238542424 > .col-inner {\n  padding: 16px 16px 16px 16px;\n}\n<\/style>\n\t<\/div>\n\n\t\n\n\t<div id=\"col-1751010044\" class=\"col medium-6 small-6 large-6\"  >\n\t\t\t\t<div class=\"col-inner\" style=\"background-color:rgba(6, 3, 141, 0.05);\" >\n\t\t\t\n\t\t\t\n\t<div id=\"text-1269303329\" class=\"text strong uppercase margin-0\">\n\t\t\n<p>Strom<\/p>\n\t\t\n<style>\n#text-1269303329 {\n  font-size: 0.8rem;\n}\n@media (min-width:550px) {\n  #text-1269303329 {\n    font-size: 0.8rem;\n  }\n}\n<\/style>\n\t<\/div>\n\t\n\t\t<\/div>\n\t\t\t\t\n<style>\n#col-1751010044 > .col-inner {\n  padding: 16px 16px 16px 16px;\n}\n<\/style>\n\t<\/div>\n\n\t\n\n\t<div id=\"col-846850785\" class=\"col medium-6 small-6 large-6\"  >\n\t\t\t\t<div class=\"col-inner\" style=\"background-color:rgba(6, 3, 141, 0.05);\" >\n\t\t\t\n\t\t\t\n\t<div id=\"text-2457979843\" class=\"text strong uppercase margin-0\">\n\t\t\n<p>L\u00e4nge falten<\/p>\n\t\t\n<style>\n#text-2457979843 {\n  font-size: 0.8rem;\n}\n@media (min-width:550px) {\n  #text-2457979843 {\n    font-size: 0.8rem;\n  }\n}\n<\/style>\n\t<\/div>\n\t\n\t\t<\/div>\n\t\t\t\t\n<style>\n#col-846850785 > .col-inner {\n  padding: 16px 16px 16px 16px;\n}\n<\/style>\n\t<\/div>\n\n\t\n\n\t<div id=\"col-974583077\" class=\"col medium-6 small-6 large-6\"  >\n\t\t\t\t<div class=\"col-inner\"  >\n\t\t\t\n\t\t\t\n\t<div id=\"text-1389809449\" class=\"text light margin-0\">\n\t\t\n<p>2500 Tonnen<\/p>\n\t\t\n<style>\n#text-1389809449 {\n  font-size: 0.8rem;\n}\n<\/style>\n\t<\/div>\n\t\n\t\t<\/div>\n\t\t\t\t\n<style>\n#col-974583077 > .col-inner {\n  padding: 16px 16px 16px 16px;\n}\n<\/style>\n\t<\/div>\n\n\t\n\n\t<div id=\"col-652260913\" class=\"col medium-6 small-6 large-6\"  >\n\t\t\t\t<div class=\"col-inner\"  >\n\t\t\t\n\t\t\t\n\t<div id=\"text-766351970\" class=\"text light margin-0\">\n\t\t\n<p>13 Meter<\/p>\n\t\t\n<style>\n#text-766351970 {\n  font-size: 0.8rem;\n}\n<\/style>\n\t<\/div>\n\t\n\t\t<\/div>\n\t\t\t\t\n<style>\n#col-652260913 > .col-inner {\n  padding: 16px 16px 16px 16px;\n}\n<\/style>\n\t<\/div>\n\n\t\n\n\t<div id=\"col-564519185\" class=\"col medium-6 small-6 large-6\"  >\n\t\t\t\t<div class=\"col-inner\"  >\n\t\t\t\n\t\t\t\n\t<div id=\"text-738327652\" class=\"text light margin-0\">\n\t\t\n<p>800 Tonnen<\/p>\n\t\t\n<style>\n#text-738327652 {\n  font-size: 0.8rem;\n}\n<\/style>\n\t<\/div>\n\t\n\t\t<\/div>\n\t\t\t\t\n<style>\n#col-564519185 > .col-inner {\n  padding: 16px 16px 16px 16px;\n}\n<\/style>\n\t<\/div>\n\n\t\n\n\t<div id=\"col-2045098103\" class=\"col medium-6 small-6 large-6\"  >\n\t\t\t\t<div class=\"col-inner\"  >\n\t\t\t\n\t\t\t\n\t<div id=\"text-744052078\" class=\"text light margin-0\">\n\t\t\n<p>7 Meter<\/p>\n\t\t\n<style>\n#text-744052078 {\n  font-size: 0.8rem;\n}\n<\/style>\n\t<\/div>\n\t\n\t\t<\/div>\n\t\t\t\t\n<style>\n#col-2045098103 > .col-inner {\n  padding: 16px 16px 16px 16px;\n}\n<\/style>\n\t<\/div>\n\n\t\n\n\t<div id=\"col-265561025\" class=\"col medium-6 small-6 large-6\"  >\n\t\t\t\t<div class=\"col-inner\"  >\n\t\t\t\n\t\t\t\n\t<div id=\"text-1991250478\" class=\"text light margin-0\">\n\t\t\n<p>600 Tonnen<\/p>\n\t\t\n<style>\n#text-1991250478 {\n  font-size: 0.8rem;\n}\n<\/style>\n\t<\/div>\n\t\n\t\t<\/div>\n\t\t\t\t\n<style>\n#col-265561025 > .col-inner {\n  padding: 16px 16px 16px 16px;\n}\n<\/style>\n\t<\/div>\n\n\t\n\n\t<div id=\"col-265462172\" class=\"col medium-6 small-6 large-6\"  >\n\t\t\t\t<div class=\"col-inner\"  >\n\t\t\t\n\t\t\t\n\t<div id=\"text-1704572345\" class=\"text light margin-0\">\n\t\t\n<p>7 Meter<\/p>\n\t\t\n<style>\n#text-1704572345 {\n  font-size: 0.8rem;\n}\n<\/style>\n\t<\/div>\n\t\n\t\t<\/div>\n\t\t\t\t\n<style>\n#col-265462172 > .col-inner {\n  padding: 16px 16px 16px 16px;\n}\n<\/style>\n\t<\/div>\n\n\t\n\n\t<div id=\"col-46005404\" class=\"col medium-6 small-6 large-6\"  >\n\t\t\t\t<div class=\"col-inner\"  >\n\t\t\t\n\t\t\t\n\t<div id=\"text-2665636351\" class=\"text light margin-0\">\n\t\t\n<p>500 Tonnen<\/p>\n\t\t\n<style>\n#text-2665636351 {\n  font-size: 0.8rem;\n}\n<\/style>\n\t<\/div>\n\t\n\t\t<\/div>\n\t\t\t\t\n<style>\n#col-46005404 > .col-inner {\n  padding: 16px 16px 16px 16px;\n}\n<\/style>\n\t<\/div>\n\n\t\n\n\t<div id=\"col-67372339\" class=\"col medium-6 small-6 large-6\"  >\n\t\t\t\t<div class=\"col-inner\"  >\n\t\t\t\n\t\t\t\n\t<div id=\"text-1213811712\" class=\"text light margin-0\">\n\t\t\n<p>8 Meter<\/p>\n\t\t\n<style>\n#text-1213811712 {\n  font-size: 0.8rem;\n}\n<\/style>\n\t<\/div>\n\t\n\t\t<\/div>\n\t\t\t\t\n<style>\n#col-67372339 > .col-inner {\n  padding: 16px 16px 16px 16px;\n}\n<\/style>\n\t<\/div>\n\n\t\n\n\t<div id=\"col-562586311\" class=\"col medium-6 small-6 large-6\"  >\n\t\t\t\t<div class=\"col-inner\"  >\n\t\t\t\n\t\t\t\n\t<div id=\"text-3478958183\" class=\"text light margin-0\">\n\t\t\n<p>160 Tonnen<\/p>\n\t\t\n<style>\n#text-3478958183 {\n  font-size: 0.8rem;\n}\n<\/style>\n\t<\/div>\n\t\n\t\t<\/div>\n\t\t\t\t\n<style>\n#col-562586311 > .col-inner {\n  padding: 16px 16px 16px 16px;\n}\n<\/style>\n\t<\/div>\n\n\t\n\n\t<div id=\"col-1948142863\" class=\"col medium-6 small-6 large-6\"  >\n\t\t\t\t<div class=\"col-inner\"  >\n\t\t\t\n\t\t\t\n\t<div id=\"text-2146020623\" class=\"text light margin-0\">\n\t\t\n<p>3 Meter<\/p>\n\t\t\n<style>\n#text-2146020623 {\n  font-size: 0.8rem;\n}\n<\/style>\n\t<\/div>\n\t\n\t\t<\/div>\n\t\t\t\t\n<style>\n#col-1948142863 > .col-inner {\n  padding: 16px 16px 16px 16px;\n}\n<\/style>\n\t<\/div>\n\n\t\n\n\t<div id=\"col-1312295113\" class=\"col medium-6 small-6 large-6\"  >\n\t\t\t\t<div class=\"col-inner\"  >\n\t\t\t\n\t\t\t\n\t<div id=\"text-3484789435\" class=\"text light margin-0\">\n\t\t\n<p>80 Tonnen<\/p>\n\t\t\n<style>\n#text-3484789435 {\n  font-size: 0.8rem;\n}\n<\/style>\n\t<\/div>\n\t\n\t\t<\/div>\n\t\t\t\t\n<style>\n#col-1312295113 > .col-inner {\n  padding: 16px 16px 16px 16px;\n}\n<\/style>\n\t<\/div>\n\n\t\n\n\t<div id=\"col-763604577\" class=\"col medium-6 small-6 large-6\"  >\n\t\t\t\t<div class=\"col-inner\"  >\n\t\t\t\n\t\t\t\n\t<div id=\"text-4275199555\" class=\"text light margin-0\">\n\t\t\n<p>3 Meter<\/p>\n\t\t\n<style>\n#text-4275199555 {\n  font-size: 0.8rem;\n}\n<\/style>\n\t<\/div>\n\t\n\t\t<\/div>\n\t\t\t\t\n<style>\n#col-763604577 > .col-inner {\n  padding: 16px 16px 16px 16px;\n}\n<\/style>\n\t<\/div>\n\n\t\n<\/div>\n\t\t<\/div>\n\t\t\t\t\t<\/div>\n\n\t\n<\/div>\n\t\t<\/div>\n\n\t\t\n<style>\n#section_2123027757 {\n  padding-top: 60px;\n  padding-bottom: 60px;\n}\n<\/style>\n\t<\/section>\n\t\n\n\t<section class=\"section has-parallax\" id=\"section_1076833171\">\n\t\t<div class=\"section-bg fill\" data-parallax-container=\".section\" data-parallax-background data-parallax=\"-9\">\n\t\t\t<img loading=\"lazy\" decoding=\"async\" width=\"1620\" height=\"1080\" src=\"https:\/\/zoppelletto.com\/wp-content\/uploads\/2024\/04\/David-Hatters-ZOPPELLETTO-20243572-unito_web.jpg\" class=\"bg attachment-original size-original\" alt=\"\" \/>\t\t\t\t\t\t\n\t\t\t\n\n\t\t<\/div>\n\n\t\t\n\n\t\t<div class=\"section-content relative\">\n\t\t\t\n\t\t<\/div>\n\n\t\t\n<style>\n#section_1076833171 {\n  padding-top: 30px;\n  padding-bottom: 30px;\n  min-height: 520px;\n}\n#section_1076833171 .section-bg img {\n  object-position: 23% 100%;\n}\n<\/style>\n\t<\/section>\n\t\n\n\t<section class=\"section\" id=\"section_985176562\">\n\t\t<div class=\"section-bg fill\" >\n\t\t\t\t\t\t\t\t\t\n\t\t\t\n\n\t\t<\/div>\n\n\t\t\n\n\t\t<div class=\"section-content relative\">\n\t\t\t\n<div class=\"row\"  id=\"row-432967016\">\n\n\t<div id=\"col-1519117433\" class=\"col margin-0 medium-12 small-12 large-8\"  data-animate=\"fadeInUp\">\n\t\t\t\t<div class=\"col-inner\"  >\n\t\t\t\n\t\t\t\n\t<div id=\"text-1523861532\" class=\"text light\">\n\t\t\n<h3>Pr\u00e4zision und Qualit\u00e4t<\/h3>\n\t\t\n<style>\n#text-1523861532 {\n  font-size: 2rem;\n}\n<\/style>\n\t<\/div>\n\t\n\t<div id=\"text-592335260\" class=\"text light\">\n\t\t\n<h4>Jeder Biegevorgang wird von erfahrenen und qualifizierten Mitarbeitern durchgef\u00fchrt, die fortschrittliche Techniken anwenden, um h\u00f6chste Pr\u00e4zision zu gew\u00e4hrleisten.<\/h4>\n\t\t\t<\/div>\n\t\n\t<div id=\"gap-1452735222\" class=\"gap-element clearfix\" style=\"display:block; height:auto;\">\n\t\t\n<style>\n#gap-1452735222 {\n  padding-top: 30px;\n}\n<\/style>\n\t<\/div>\n\t\n<div class=\"row\"  id=\"row-130492223\">\n\n\t<div id=\"col-1850318969\" class=\"col margin-0 medium-6 small-12 large-6\"  data-animate=\"fadeInUp\">\n\t\t\t\t<div class=\"col-inner\"  >\n\t\t\t\n\t\t\t\n<p>Die korrekte Ausf\u00fchrung des Biegeprozesses ist entscheidend, um nicht nur die gew\u00fcnschte Form zu gew\u00e4hrleisten, sondern auch die strukturelle Integrit\u00e4t des bearbeiteten Teils zu erhalten.  <\/p>\n\t\t<\/div>\n\t\t\t\t\t<\/div>\n\n\t\n\n\t<div id=\"col-1322646878\" class=\"col margin-0 medium-6 small-12 large-6\"  data-animate=\"fadeInUp\">\n\t\t\t\t<div class=\"col-inner\"  >\n\t\t\t\n\t\t\t\n<p>Unsere Liebe zum Detail und der Einsatz von Technologien zur Ma\u00dfkontrolle stellen sicher, dass jedes Teil die erforderlichen Toleranzen und Spezifikationen einh\u00e4lt.<\/p>\n\t\t<\/div>\n\t\t\t\t\t<\/div>\n\n\t\n<\/div>\n\t\t<\/div>\n\t\t\t\t\t<\/div>\n\n\t\n<\/div>\n\t\t<\/div>\n\n\t\t\n<style>\n#section_985176562 {\n  padding-top: 100px;\n  padding-bottom: 100px;\n}\n<\/style>\n\t<\/section>\n\t\n\n\t<section class=\"section has-parallax\" id=\"section_520917732\">\n\t\t<div class=\"section-bg fill\" data-parallax-container=\".section\" data-parallax-background data-parallax=\"-9\">\n\t\t\t<img loading=\"lazy\" decoding=\"async\" width=\"1620\" height=\"1080\" src=\"https:\/\/zoppelletto.com\/wp-content\/uploads\/2024\/04\/David-Hatters-ZOPPELLETTO-piegatrice-frontale-unito_web.jpg\" class=\"bg attachment-original size-original\" alt=\"\" \/>\t\t\t\t\t\t\n\t\t\t\n\n\t\t<\/div>\n\n\t\t\n\n\t\t<div class=\"section-content relative\">\n\t\t\t\n\t\t<\/div>\n\n\t\t\n<style>\n#section_520917732 {\n  padding-top: 30px;\n  padding-bottom: 30px;\n  min-height: 520px;\n}\n<\/style>\n\t<\/section>\n\t\n\n\t<section class=\"section\" id=\"section_1918377907\">\n\t\t<div class=\"section-bg fill\" >\n\t\t\t\t\t\t\t\t\t\n\t\t\t\n\n\t\t<\/div>\n\n\t\t\n\n\t\t<div class=\"section-content relative\">\n\t\t\t\n<div class=\"row\"  id=\"row-1662029760\">\n\n\t<div id=\"col-671602470\" class=\"col margin-0 medium-12 small-12 large-8\"  data-animate=\"fadeInUp\">\n\t\t\t\t<div class=\"col-inner\"  >\n\t\t\t\n\t\t\t\n\t<div id=\"text-1898445114\" class=\"text light\">\n\t\t\n<h3>Flexibilit\u00e4t und Anpassung<\/h3>\n\t\t\n<style>\n#text-1898445114 {\n  font-size: 2rem;\n}\n<\/style>\n\t<\/div>\n\t\n<h4>Officine Zoppelletto Srl ist bestrebt, die Bed\u00fcrfnisse jedes einzelnen Kunden zu erf\u00fcllen und bietet ma\u00dfgeschneiderte L\u00f6sungen f\u00fcr verschiedene Branchen.<\/h4>\n\t<div id=\"gap-1421233383\" class=\"gap-element clearfix\" style=\"display:block; height:auto;\">\n\t\t\n<style>\n#gap-1421233383 {\n  padding-top: 30px;\n}\n<\/style>\n\t<\/div>\n\t\n<div class=\"row\"  id=\"row-1658163749\">\n\n\t<div id=\"col-1924192069\" class=\"col margin-0 small-12 large-12\"  data-animate=\"fadeInUp\">\n\t\t\t\t<div class=\"col-inner\"  >\n\t\t\t\n\t\t\t\n<p>Die Flexibilit\u00e4t unseres Biegeservices erm\u00f6glicht es uns, die Produktionszeiten zu optimieren und den Projekten unserer Kunden einen erheblichen Mehrwert zu bieten.<\/p>\n\t\t<\/div>\n\t\t\t\t\t<\/div>\n\n\t\n<\/div>\n\t\t<\/div>\n\t\t\t\t\t<\/div>\n\n\t\n<\/div>\n\t\t<\/div>\n\n\t\t\n<style>\n#section_1918377907 {\n  padding-top: 100px;\n  padding-bottom: 100px;\n}\n<\/style>\n\t<\/section>\n\t\n","protected":false},"excerpt":{"rendered":"","protected":false},"author":1,"featured_media":0,"parent":1709,"menu_order":0,"comment_status":"closed","ping_status":"closed","template":"page-blank.php","meta":{"_acf_changed":false,"inline_featured_image":false,"footnotes":""},"class_list":["post-1633","page","type-page","status-publish","hentry"],"acf":[],"yoast_head":"<!-- This site is optimized with the Yoast SEO plugin v23.7 - https:\/\/yoast.com\/wordpress\/plugins\/seo\/ -->\n<title>Biegen - Zoppelletto<\/title>\n<meta name=\"robots\" content=\"index, follow, max-snippet:-1, max-image-preview:large, max-video-preview:-1\" \/>\n<link rel=\"canonical\" href=\"https:\/\/zoppelletto.com\/de\/dienstleistungen\/biegen\/\" \/>\n<meta property=\"og:locale\" content=\"de_DE\" \/>\n<meta property=\"og:type\" content=\"article\" \/>\n<meta property=\"og:title\" content=\"Biegen - Zoppelletto\" \/>\n<meta property=\"og:url\" content=\"https:\/\/zoppelletto.com\/de\/dienstleistungen\/biegen\/\" \/>\n<meta property=\"og:site_name\" content=\"Zoppelletto\" \/>\n<meta property=\"article:modified_time\" content=\"2024-07-17T07:55:11+00:00\" \/>\n<meta name=\"twitter:card\" content=\"summary_large_image\" \/>\n<meta name=\"twitter:label1\" content=\"Gesch\u00e4tzte Lesezeit\" \/>\n\t<meta name=\"twitter:data1\" content=\"5\u00a0Minuten\" \/>\n<script type=\"application\/ld+json\" class=\"yoast-schema-graph\">{\"@context\":\"https:\/\/schema.org\",\"@graph\":[{\"@type\":\"WebPage\",\"@id\":\"https:\/\/zoppelletto.com\/de\/dienstleistungen\/biegen\/\",\"url\":\"https:\/\/zoppelletto.com\/de\/dienstleistungen\/biegen\/\",\"name\":\"Biegen - Zoppelletto\",\"isPartOf\":{\"@id\":\"https:\/\/zoppelletto.com\/de\/#website\"},\"datePublished\":\"2024-03-08T11:31:44+00:00\",\"dateModified\":\"2024-07-17T07:55:11+00:00\",\"breadcrumb\":{\"@id\":\"https:\/\/zoppelletto.com\/de\/dienstleistungen\/biegen\/#breadcrumb\"},\"inLanguage\":\"de\",\"potentialAction\":[{\"@type\":\"ReadAction\",\"target\":[\"https:\/\/zoppelletto.com\/de\/dienstleistungen\/biegen\/\"]}]},{\"@type\":\"BreadcrumbList\",\"@id\":\"https:\/\/zoppelletto.com\/de\/dienstleistungen\/biegen\/#breadcrumb\",\"itemListElement\":[{\"@type\":\"ListItem\",\"position\":1,\"name\":\"Home\",\"item\":\"https:\/\/zoppelletto.com\/de\/\"},{\"@type\":\"ListItem\",\"position\":2,\"name\":\"Dienstleistungen\",\"item\":\"https:\/\/zoppelletto.com\/de\/servizi\/\"},{\"@type\":\"ListItem\",\"position\":3,\"name\":\"Biegen\"}]},{\"@type\":\"WebSite\",\"@id\":\"https:\/\/zoppelletto.com\/de\/#website\",\"url\":\"https:\/\/zoppelletto.com\/de\/\",\"name\":\"Zoppelletto\",\"description\":\"Officine meccaniche\",\"potentialAction\":[{\"@type\":\"SearchAction\",\"target\":{\"@type\":\"EntryPoint\",\"urlTemplate\":\"https:\/\/zoppelletto.com\/de\/?s={search_term_string}\"},\"query-input\":{\"@type\":\"PropertyValueSpecification\",\"valueRequired\":true,\"valueName\":\"search_term_string\"}}],\"inLanguage\":\"de\"}]}<\/script>\n<!-- \/ Yoast SEO plugin. -->","yoast_head_json":{"title":"Biegen - Zoppelletto","robots":{"index":"index","follow":"follow","max-snippet":"max-snippet:-1","max-image-preview":"max-image-preview:large","max-video-preview":"max-video-preview:-1"},"canonical":"https:\/\/zoppelletto.com\/de\/dienstleistungen\/biegen\/","og_locale":"de_DE","og_type":"article","og_title":"Biegen - Zoppelletto","og_url":"https:\/\/zoppelletto.com\/de\/dienstleistungen\/biegen\/","og_site_name":"Zoppelletto","article_modified_time":"2024-07-17T07:55:11+00:00","twitter_card":"summary_large_image","twitter_misc":{"Gesch\u00e4tzte Lesezeit":"5\u00a0Minuten"},"schema":{"@context":"https:\/\/schema.org","@graph":[{"@type":"WebPage","@id":"https:\/\/zoppelletto.com\/de\/dienstleistungen\/biegen\/","url":"https:\/\/zoppelletto.com\/de\/dienstleistungen\/biegen\/","name":"Biegen - Zoppelletto","isPartOf":{"@id":"https:\/\/zoppelletto.com\/de\/#website"},"datePublished":"2024-03-08T11:31:44+00:00","dateModified":"2024-07-17T07:55:11+00:00","breadcrumb":{"@id":"https:\/\/zoppelletto.com\/de\/dienstleistungen\/biegen\/#breadcrumb"},"inLanguage":"de","potentialAction":[{"@type":"ReadAction","target":["https:\/\/zoppelletto.com\/de\/dienstleistungen\/biegen\/"]}]},{"@type":"BreadcrumbList","@id":"https:\/\/zoppelletto.com\/de\/dienstleistungen\/biegen\/#breadcrumb","itemListElement":[{"@type":"ListItem","position":1,"name":"Home","item":"https:\/\/zoppelletto.com\/de\/"},{"@type":"ListItem","position":2,"name":"Dienstleistungen","item":"https:\/\/zoppelletto.com\/de\/servizi\/"},{"@type":"ListItem","position":3,"name":"Biegen"}]},{"@type":"WebSite","@id":"https:\/\/zoppelletto.com\/de\/#website","url":"https:\/\/zoppelletto.com\/de\/","name":"Zoppelletto","description":"Officine meccaniche","potentialAction":[{"@type":"SearchAction","target":{"@type":"EntryPoint","urlTemplate":"https:\/\/zoppelletto.com\/de\/?s={search_term_string}"},"query-input":{"@type":"PropertyValueSpecification","valueRequired":true,"valueName":"search_term_string"}}],"inLanguage":"de"}]}},"_links":{"self":[{"href":"https:\/\/zoppelletto.com\/de\/wp-json\/wp\/v2\/pages\/1633","targetHints":{"allow":["GET"]}}],"collection":[{"href":"https:\/\/zoppelletto.com\/de\/wp-json\/wp\/v2\/pages"}],"about":[{"href":"https:\/\/zoppelletto.com\/de\/wp-json\/wp\/v2\/types\/page"}],"author":[{"embeddable":true,"href":"https:\/\/zoppelletto.com\/de\/wp-json\/wp\/v2\/users\/1"}],"replies":[{"embeddable":true,"href":"https:\/\/zoppelletto.com\/de\/wp-json\/wp\/v2\/comments?post=1633"}],"version-history":[{"count":2,"href":"https:\/\/zoppelletto.com\/de\/wp-json\/wp\/v2\/pages\/1633\/revisions"}],"predecessor-version":[{"id":1660,"href":"https:\/\/zoppelletto.com\/de\/wp-json\/wp\/v2\/pages\/1633\/revisions\/1660"}],"up":[{"embeddable":true,"href":"https:\/\/zoppelletto.com\/de\/wp-json\/wp\/v2\/pages\/1709"}],"wp:attachment":[{"href":"https:\/\/zoppelletto.com\/de\/wp-json\/wp\/v2\/media?parent=1633"}],"curies":[{"name":"wp","href":"https:\/\/api.w.org\/{rel}","templated":true}]}}