{"id":1607,"date":"2024-03-08T11:31:54","date_gmt":"2024-03-08T11:31:54","guid":{"rendered":"https:\/\/zoppelletto.com\/andere-dienstleistungen\/"},"modified":"2024-07-17T07:55:12","modified_gmt":"2024-07-17T07:55:12","slug":"andere-dienstleistungen","status":"publish","type":"page","link":"https:\/\/zoppelletto.com\/de\/dienstleistungen\/andere-dienstleistungen\/","title":{"rendered":"Andere Dienstleistungen"},"content":{"rendered":"\n\t<section class=\"section dark\" id=\"section_67921045\">\n\t\t<div class=\"section-bg fill\" >\n\t\t\t\t\t\t\t\t\t\n\t\t\t\n\n\t\t<\/div>\n\n\t\t\n\n\t\t<div class=\"section-content relative\">\n\t\t\t\n<div class=\"row\"  id=\"row-814238528\">\n\n\t<div id=\"col-1308848639\" class=\"col small-12 large-12\"  >\n\t\t\t\t<div class=\"col-inner\"  >\n\t\t\t\n\t\t\t\n\t<div id=\"stack-3545664309\" class=\"stack stack-row justify-start items-center\">\n\t\t\n\t<div id=\"text-1200975750\" class=\"text margin-0 deco-service\">\n\t\t\n<p><i class=\"fa-solid fa-square-full\"><\/i> &nbsp; <i class=\"fa-solid fa-square-full\"><\/i> &nbsp; <i class=\"fa-solid fa-square-full\"><\/i><\/p>\n\t\t\n<style>\n#text-1200975750 {\n  font-size: 2rem;\n  color: rgb(255, 205, 0);\n}\n#text-1200975750 > * {\n  color: rgb(255, 205, 0);\n}\n<\/style>\n\t<\/div>\n\t\n\t<div id=\"text-4165711147\" class=\"text margin-0\">\n\t\t\n<h1>Andere Dienstleistungen<\/h1>\n\t\t\n<style>\n#text-4165711147 {\n  font-size: 2rem;\n}\n<\/style>\n\t<\/div>\n\t\n\t\t\n<style>\n#stack-3545664309 > * {\n  --stack-gap: 2rem;\n}\n<\/style>\n\t<\/div>\n\t\n\t\t<\/div>\n\t\t\t\t\n<style>\n#col-1308848639 > .col-inner {\n  padding: 42px 0px 16px 0px;\n  margin: 0px 0px 0px -120px;\n}\n@media (min-width:550px) {\n  #col-1308848639 > .col-inner {\n    margin: 0px 0px 0px 0px;\n  }\n}\n<\/style>\n\t<\/div>\n\n\t\n<\/div>\n\t\t<\/div>\n\n\t\t\n<style>\n#section_67921045 {\n  padding-top: 0px;\n  padding-bottom: 0px;\n  background-color: #06038d;\n}\n<\/style>\n\t<\/section>\n\t\n<div class=\"row row-collapse row-full-width\"  id=\"row-1906465477\">\n\n\t<div id=\"col-2038703921\" class=\"col small-12 large-12\"  >\n\t\t\t\t<div class=\"col-inner\"  >\n\t\t\t\n\t\t\t\n\t<div class=\"img has-hover hide-for-medium x md-x lg-x y md-y lg-y\" id=\"image_1059052752\">\n\t\t\t\t\t\t\t\t<div class=\"img-inner image-cover dark\" style=\"padding-top:5%;\">\n\t\t\t<img loading=\"lazy\" decoding=\"async\" width=\"1020\" height=\"1020\" src=\"https:\/\/zoppelletto.com\/wp-content\/uploads\/2024\/03\/zp-separator.svg\" class=\"attachment-large size-large\" alt=\"\" \/>\t\t\t\t\t\t\n\t\t\t\t\t<\/div>\n\t\t\t\t\t\t\t\t\n<style>\n#image_1059052752 {\n  width: 100%;\n}\n<\/style>\n\t<\/div>\n\t\n\t<div class=\"img has-hover show-for-medium x md-x lg-x y md-y lg-y\" id=\"image_30741898\">\n\t\t\t\t\t\t\t\t<div class=\"img-inner image-cover dark\" style=\"padding-top:15%;\">\n\t\t\t<img loading=\"lazy\" decoding=\"async\" width=\"1020\" height=\"1020\" src=\"https:\/\/zoppelletto.com\/wp-content\/uploads\/2024\/03\/zp-separator.svg\" class=\"attachment-large size-large\" alt=\"\" \/>\t\t\t\t\t\t\n\t\t\t\t\t<\/div>\n\t\t\t\t\t\t\t\t\n<style>\n#image_30741898 {\n  width: 100%;\n}\n<\/style>\n\t<\/div>\n\t\n\t\t<\/div>\n\t\t\t\t\n<style>\n#col-2038703921 > .col-inner {\n  margin: -24px 0px -80px 0px;\n}\n@media (min-width:850px) {\n  #col-2038703921 > .col-inner {\n    margin: -24px 0px -64px 0px;\n  }\n}\n<\/style>\n\t<\/div>\n\n\t\n<\/div>\n\n\t<section class=\"section\" id=\"section_823776623\">\n\t\t<div class=\"section-bg fill\" >\n\t\t\t\t\t\t\t\t\t\n\t\t\t\n\n\t\t<\/div>\n\n\t\t\n\n\t\t<div class=\"section-content relative\">\n\t\t\t\n<div class=\"row\"  id=\"row-1699668778\">\n\n\t<div id=\"col-273156222\" class=\"col medium-12 small-12 large-8\"  data-animate=\"fadeInUp\">\n\t\t\t\t<div class=\"col-inner\"  >\n\t\t\t\n\t\t\t\n\t<div id=\"text-879875393\" class=\"text light\">\n\t\t\n<h2>Officine Zoppelletto Srl erweitert sein Angebot \u00fcber das Schneiden und Biegen hinaus und bietet eine Reihe zus\u00e4tzlicher Verfahren an, die den Produktionszyklus der Blechbearbeitung vervollst\u00e4ndigen.<\/h2>\n\t\t\t<\/div>\n\t\n<p>Diese Dienstleistungen sind darauf ausgerichtet, unseren Kunden ganzheitliche L\u00f6sungen zu bieten, von der Materialvorbereitung bis zur Endbehandlung, wobei wir stets hohe Qualit\u00e4t und pr\u00e4zise Ergebnisse garantieren.<\/p>\n\t\t<\/div>\n\t\t\t\t\t<\/div>\n\n\t\n<\/div>\n<div class=\"row\"  id=\"row-1073672007\">\n\n\t<div id=\"col-1943758064\" class=\"col small-12 large-12\"  data-animate=\"fadeInUp\">\n\t\t\t\t<div class=\"col-inner\"  >\n\t\t\t\n\t\t\t\n\t<div id=\"stack-2526681970\" class=\"stack stack-row justify-start items-stretch sm:stack-col sm:justify-center sm:items-stretch md:stack-col\">\n\t\t\n<a href=\"#calandratura\" class=\"button primary is-outline lowercase\" >\n\t\t<span>Kalandrieren<\/span>\n\t<\/a>\n\n<a href=\"#smussatura\" class=\"button primary is-outline lowercase\" >\n\t\t<span>Anfasen<\/span>\n\t<\/a>\n\n<a href=\"#saldatura\" class=\"button primary is-outline lowercase\" >\n\t\t<span>Schwei\u00dfen<\/span>\n\t<\/a>\n\n<a href=\"#verniciatura\" class=\"button primary is-outline lowercase\" >\n\t\t<span>Lackieren, Galvanisieren und Sandstrahlen<\/span>\n\t<\/a>\n\n<a href=\"#cnc\" class=\"button primary is-outline lowercase\" >\n\t\t<span>CNC-Bearbeitung<\/span>\n\t<\/a>\n\n\t\t\n<style>\n#stack-2526681970 > * {\n  --stack-gap: 0.5rem;\n}\n@media (min-width:550px) {\n  #stack-2526681970 > * {\n    --stack-gap: 0.5rem;\n  }\n}\n@media (min-width:850px) {\n  #stack-2526681970 > * {\n    --stack-gap: 1.5rem;\n  }\n}\n<\/style>\n\t<\/div>\n\t\n\t\t<\/div>\n\t\t\t\t\t<\/div>\n\n\t\n<\/div>\n\t\t<\/div>\n\n\t\t\n<style>\n#section_823776623 {\n  padding-top: 60px;\n  padding-bottom: 60px;\n}\n<\/style>\n\t<\/section>\n\t\n\n\t<section class=\"section has-parallax\" id=\"section_977462550\">\n\t\t<div class=\"section-bg fill\" data-parallax-container=\".section\" data-parallax-background data-parallax=\"-9\">\n\t\t\t<img loading=\"lazy\" decoding=\"async\" width=\"1920\" height=\"1277\" src=\"https:\/\/zoppelletto.com\/wp-content\/uploads\/2024\/04\/calandratura_rb.jpg\" class=\"bg attachment-original size-original\" alt=\"\" \/>\t\t\t\t\t\t\n\t\t\t\n\n\t\t<\/div>\n\n\t\t\n\n\t\t<div class=\"section-content relative\">\n\t\t\t\n\t\t<\/div>\n\n\t\t\n<style>\n#section_977462550 {\n  padding-top: 30px;\n  padding-bottom: 30px;\n  min-height: 520px;\n}\n#section_977462550 .section-bg img {\n  object-position: 100% 100%;\n}\n<\/style>\n\t<\/section>\n\t\n<span class=\"scroll-to\" data-label=\"Scroll to: #calandratura\" data-bullet=\"false\" data-link=\"#calandratura\" data-title=\"calandratura\"><a name=\"calandratura\"><\/a><\/span>\n\n\t<section class=\"section\" id=\"section_304679427\">\n\t\t<div class=\"section-bg fill\" >\n\t\t\t\t\t\t\t\t\t\n\t\t\t\n\n\t\t<\/div>\n\n\t\t\n\n\t\t<div class=\"section-content relative\">\n\t\t\t\n<div class=\"row\"  id=\"row-2082749689\">\n\n\t<div id=\"col-1710695655\" class=\"col margin-0 medium-12 small-12 large-8\"  data-animate=\"fadeInUp\">\n\t\t\t\t<div class=\"col-inner\"  >\n\t\t\t\n\t\t\t\n\t<div id=\"text-3746626459\" class=\"text light\">\n\t\t\n<h3>Kalandrieren<\/h3>\n\t\t\n<style>\n#text-3746626459 {\n  font-size: 2rem;\n}\n<\/style>\n\t<\/div>\n\t\n\t<div id=\"text-2585244254\" class=\"text light\">\n\t\t\n<h4>Wir bieten Kalandrierdienste f\u00fcr die Bearbeitung von Teilen mit einer Breite von bis zu 3 Metern und einer Dicke von 60 mm an, einschlie\u00dflich der M\u00f6glichkeit des konischen Biegens.  <\/h4>\n\t\t\t<\/div>\n\t\n\t<div id=\"gap-962273475\" class=\"gap-element clearfix\" style=\"display:block; height:auto;\">\n\t\t\n<style>\n#gap-962273475 {\n  padding-top: 30px;\n}\n<\/style>\n\t<\/div>\n\t\n<p>Dieses Verfahren erm\u00f6glicht pr\u00e4zise gebogene Komponenten, die spezifische Design- und Funktionsanforderungen erf\u00fcllen.<\/p>\n\t\t<\/div>\n\t\t\t\t\t<\/div>\n\n\t\n<\/div>\n\t\t<\/div>\n\n\t\t\n<style>\n#section_304679427 {\n  padding-top: 60px;\n  padding-bottom: 60px;\n}\n<\/style>\n\t<\/section>\n\t\n\n\t<section class=\"section show-for-small has-parallax\" id=\"section_1549393952\">\n\t\t<div class=\"section-bg fill\" data-parallax-container=\".section\" data-parallax-background data-parallax=\"-9\">\n\t\t\t<img loading=\"lazy\" decoding=\"async\" width=\"1440\" height=\"1920\" src=\"https:\/\/zoppelletto.com\/wp-content\/uploads\/2024\/04\/lastre_rb.jpg\" class=\"bg attachment-original size-original\" alt=\"\" \/>\t\t\t\t\t\t\n\t\t\t\n\n\t\t<\/div>\n\n\t\t\n\n\t\t<div class=\"section-content relative\">\n\t\t\t\n\t\t<\/div>\n\n\t\t\n<style>\n#section_1549393952 {\n  padding-top: 30px;\n  padding-bottom: 30px;\n  min-height: 520px;\n}\n<\/style>\n\t<\/section>\n\t\n\n\t<section class=\"section hide-for-small has-parallax\" id=\"section_1001784374\">\n\t\t<div class=\"section-bg fill\" data-parallax-container=\".section\" data-parallax-background data-parallax=\"-9\">\n\t\t\t<img loading=\"lazy\" decoding=\"async\" width=\"1536\" height=\"2048\" src=\"https:\/\/zoppelletto.com\/wp-content\/uploads\/2024\/04\/0b1eea97-d07f-4cba-88f9-381f12c4cada.jpg\" class=\"bg attachment-original size-original\" alt=\"\" \/>\t\t\t\t\t\t\n\t\t\t\n\n\t\t<\/div>\n\n\t\t\n\n\t\t<div class=\"section-content relative\">\n\t\t\t\n\t\t<\/div>\n\n\t\t\n<style>\n#section_1001784374 {\n  padding-top: 30px;\n  padding-bottom: 30px;\n  min-height: 520px;\n}\n<\/style>\n\t<\/section>\n\t\n<span class=\"scroll-to\" data-label=\"Scroll to: #smussatura\" data-bullet=\"false\" data-link=\"#smussatura\" data-title=\"smussatura\"><a name=\"smussatura\"><\/a><\/span>\n\n\t<section class=\"section\" id=\"section_34867676\">\n\t\t<div class=\"section-bg fill\" >\n\t\t\t\t\t\t\t\t\t\n\t\t\t\n\n\t\t<\/div>\n\n\t\t\n\n\t\t<div class=\"section-content relative\">\n\t\t\t\n<div class=\"row\"  id=\"row-907303302\">\n\n\t<div id=\"col-1231598895\" class=\"col margin-0 medium-12 small-12 large-8\"  data-animate=\"fadeInUp\">\n\t\t\t\t<div class=\"col-inner\"  >\n\t\t\t\n\t\t\t\n\t<div id=\"text-3260059942\" class=\"text light\">\n\t\t\n<h3>Anfasen<\/h3>\n\t\t\n<style>\n#text-3260059942 {\n  font-size: 2rem;\n}\n<\/style>\n\t<\/div>\n\t\n\t<div id=\"text-4032985243\" class=\"text light\">\n\t\t\n<h4>Die Vorbereitung der Fasen f\u00fcr das Schwei\u00dfen ist wichtig, um qualitativ hochwertige Verbindungen zwischen den Komponenten zu gew\u00e4hrleisten.<\/h4>\n\t\t\t<\/div>\n\t\n\t<div id=\"gap-1317692738\" class=\"gap-element clearfix\" style=\"display:block; height:auto;\">\n\t\t\n<style>\n#gap-1317692738 {\n  padding-top: 30px;\n}\n<\/style>\n\t<\/div>\n\t\n<p>Zu unseren F\u00e4higkeiten geh\u00f6rt das Anfasen von Eisenhalbzeugen in verschiedenen Winkeln, wobei wir fortschrittliche Techniken wie das Fasenplasmaschneiden und Autogenschneiden einsetzen, um eine optimale Vorbereitung f\u00fcr das Schwei\u00dfen zu gew\u00e4hrleisten.<\/p>\n\t\t<\/div>\n\t\t\t\t\t<\/div>\n\n\t\n<\/div>\n\t\t<\/div>\n\n\t\t\n<style>\n#section_34867676 {\n  padding-top: 60px;\n  padding-bottom: 60px;\n}\n<\/style>\n\t<\/section>\n\t\n\n\t<section class=\"section has-parallax\" id=\"section_527937755\">\n\t\t<div class=\"section-bg fill\" data-parallax-container=\".section\" data-parallax-background data-parallax=\"-9\">\n\t\t\t<img loading=\"lazy\" decoding=\"async\" width=\"1920\" height=\"1281\" src=\"https:\/\/zoppelletto.com\/wp-content\/uploads\/2024\/04\/saldatura_02_rb.jpg\" class=\"bg attachment-original size-original\" alt=\"\" \/>\t\t\t\t\t\t\n\t\t\t\n\n\t\t<\/div>\n\n\t\t\n\n\t\t<div class=\"section-content relative\">\n\t\t\t\n\t\t<\/div>\n\n\t\t\n<style>\n#section_527937755 {\n  padding-top: 30px;\n  padding-bottom: 30px;\n  min-height: 520px;\n}\n<\/style>\n\t<\/section>\n\t\n<span class=\"scroll-to\" data-label=\"Scroll to: #saldatura\" data-bullet=\"false\" data-link=\"#saldatura\" data-title=\"saldatura\"><a name=\"saldatura\"><\/a><\/span>\n\n\t<section class=\"section\" id=\"section_2065321747\">\n\t\t<div class=\"section-bg fill\" >\n\t\t\t\t\t\t\t\t\t\n\t\t\t\n\n\t\t<\/div>\n\n\t\t\n\n\t\t<div class=\"section-content relative\">\n\t\t\t\n<div class=\"row\"  id=\"row-637506418\">\n\n\t<div id=\"col-596006601\" class=\"col margin-0 medium-12 small-12 large-8\"  data-animate=\"fadeInUp\">\n\t\t\t\t<div class=\"col-inner\"  >\n\t\t\t\n\t\t\t\n\t<div id=\"text-3073713742\" class=\"text light\">\n\t\t\n<h4>Schwei\u00dfen<\/h4>\n\t\t\n<style>\n#text-3073713742 {\n  font-size: 2rem;\n}\n<\/style>\n\t<\/div>\n\t\n<h4>Wir sind in der Lage, Metallkonstruktionen nach vom Kunden gelieferten Zeichnungen zu schwei\u00dfen.<\/h4>\n\t<div id=\"gap-1326493147\" class=\"gap-element clearfix\" style=\"display:block; height:auto;\">\n\t\t\n<style>\n#gap-1326493147 {\n  padding-top: 30px;\n}\n<\/style>\n\t<\/div>\n\t\n<p>Dieser Service erm\u00f6glicht die pr\u00e4zise Montage von Komponenten, die eine maximale Festigkeit und Integrit\u00e4t der geschwei\u00dften Strukturen entsprechend den Designanforderungen gew\u00e4hrleisten.<\/p>\n\t\t<\/div>\n\t\t\t\t\t<\/div>\n\n\t\n<\/div>\n\t\t<\/div>\n\n\t\t\n<style>\n#section_2065321747 {\n  padding-top: 60px;\n  padding-bottom: 60px;\n}\n<\/style>\n\t<\/section>\n\t\n\n\t<section class=\"section has-parallax\" id=\"section_1442735852\">\n\t\t<div class=\"section-bg fill\" data-parallax-container=\".section\" data-parallax-background data-parallax=\"-9\">\n\t\t\t<img loading=\"lazy\" decoding=\"async\" width=\"1920\" height=\"1280\" src=\"https:\/\/zoppelletto.com\/wp-content\/uploads\/2024\/04\/verniciatura.jpg\" class=\"bg attachment-original size-original\" alt=\"\" \/>\t\t\t\t\t\t\n\t\t\t\n\n\t\t<\/div>\n\n\t\t\n\n\t\t<div class=\"section-content relative\">\n\t\t\t\n\t\t<\/div>\n\n\t\t\n<style>\n#section_1442735852 {\n  padding-top: 30px;\n  padding-bottom: 30px;\n  min-height: 520px;\n}\n<\/style>\n\t<\/section>\n\t\n<span class=\"scroll-to\" data-label=\"Scroll to: #verniciatura\" data-bullet=\"false\" data-link=\"#verniciatura\" data-title=\"verniciatura\"><a name=\"verniciatura\"><\/a><\/span>\n\n\t<section class=\"section\" id=\"section_1841665428\">\n\t\t<div class=\"section-bg fill\" >\n\t\t\t\t\t\t\t\t\t\n\t\t\t\n\n\t\t<\/div>\n\n\t\t\n\n\t\t<div class=\"section-content relative\">\n\t\t\t\n<div class=\"row\"  id=\"row-1645012662\">\n\n\t<div id=\"col-1734066643\" class=\"col margin-0 medium-12 small-12 large-8\"  data-animate=\"fadeInUp\">\n\t\t\t\t<div class=\"col-inner\"  >\n\t\t\t\n\t\t\t\n\t<div id=\"text-3772434863\" class=\"text light\">\n\t\t\n<h3>Lackieren, Galvanisieren und Sandstrahlen<\/h3>\n\t\t\n<style>\n#text-3772434863 {\n  font-size: 2rem;\n}\n<\/style>\n\t<\/div>\n\t\n<h4>In collaborazione con partner esterni selezionati, offriamo trattamenti superficiali quali la verniciatura, la zincatura e la sabbiatura.<\/h4>\n\t<div id=\"gap-1166232589\" class=\"gap-element clearfix\" style=\"display:block; height:auto;\">\n\t\t\n<style>\n#gap-1166232589 {\n  padding-top: 30px;\n}\n<\/style>\n\t<\/div>\n\t\n\t<div id=\"text-4147337208\" class=\"text light\">\n\t\t\n<p>Diese Verfahren verbessern die \u00c4sthetik und verl\u00e4ngern die Lebensdauer der behandelten Komponenten, indem sie sie vor Witterungseinfl\u00fcssen und Korrosion sch\u00fctzen und so eine hochwertige Oberfl\u00e4che und eine l\u00e4ngere Lebensdauer gew\u00e4hrleisten.<\/p>\n\t\t\t<\/div>\n\t\n\t\t<\/div>\n\t\t\t\t\t<\/div>\n\n\t\n<\/div>\n\t\t<\/div>\n\n\t\t\n<style>\n#section_1841665428 {\n  padding-top: 60px;\n  padding-bottom: 60px;\n}\n<\/style>\n\t<\/section>\n\t\n\n\t<section class=\"section has-parallax\" id=\"section_2091296689\">\n\t\t<div class=\"section-bg fill\" data-parallax-container=\".section\" data-parallax-background data-parallax=\"-9\">\n\t\t\t<img loading=\"lazy\" decoding=\"async\" width=\"1920\" height=\"1280\" src=\"https:\/\/zoppelletto.com\/wp-content\/uploads\/2024\/04\/foratura_rb.jpg\" class=\"bg attachment-original size-original\" alt=\"\" \/>\t\t\t\t\t\t\n\t\t\t\n\n\t\t<\/div>\n\n\t\t\n\n\t\t<div class=\"section-content relative\">\n\t\t\t\n\t\t<\/div>\n\n\t\t\n<style>\n#section_2091296689 {\n  padding-top: 30px;\n  padding-bottom: 30px;\n  min-height: 520px;\n}\n<\/style>\n\t<\/section>\n\t\n<span class=\"scroll-to\" data-label=\"Scroll to: #cnc\" data-bullet=\"false\" data-link=\"#cnc\" data-title=\"cnc\"><a name=\"cnc\"><\/a><\/span>\n\n\t<section class=\"section\" id=\"section_1582632498\">\n\t\t<div class=\"section-bg fill\" >\n\t\t\t\t\t\t\t\t\t\n\t\t\t\n\n\t\t<\/div>\n\n\t\t\n\n\t\t<div class=\"section-content relative\">\n\t\t\t\n<div class=\"row\"  id=\"row-1235189817\">\n\n\t<div id=\"col-552230641\" class=\"col margin-0 medium-12 small-12 large-8\"  data-animate=\"fadeInUp\">\n\t\t\t\t<div class=\"col-inner\"  >\n\t\t\t\n\t\t\t\n\t<div id=\"text-4166441884\" class=\"text light\">\n\t\t\n<h3>CNC-Bearbeitung<\/h3>\n\t\t\n<style>\n#text-4166441884 {\n  font-size: 2rem;\n}\n<\/style>\n\t<\/div>\n\t\n<h4>Le nostre lavorazioni meccaniche a controllo numerico (CNC) rappresentano la soluzione ideale per la realizzazione di componenti di precisione. <\/h4>\n\t<div id=\"gap-300382202\" class=\"gap-element clearfix\" style=\"display:block; height:auto;\">\n\t\t\n<style>\n#gap-300382202 {\n  padding-top: 30px;\n}\n<\/style>\n\t<\/div>\n\t\n\t<div id=\"text-896779222\" class=\"text light\">\n\t\t\n<p>Dank der CNC-Technologie sind wir in der Lage, komplexe Bearbeitungen mit einem hohen Ma\u00df an Pr\u00e4zision und Wiederholbarkeit auszuf\u00fchren und so eine Vielzahl von Designanforderungen zu erf\u00fcllen.<\/p>\n\t\t\t<\/div>\n\t\n\t\t<\/div>\n\t\t\t\t\t<\/div>\n\n\t\n<\/div>\n\t\t<\/div>\n\n\t\t\n<style>\n#section_1582632498 {\n  padding-top: 60px;\n  padding-bottom: 60px;\n}\n<\/style>\n\t<\/section>\n\t\n","protected":false},"excerpt":{"rendered":"","protected":false},"author":1,"featured_media":0,"parent":1709,"menu_order":0,"comment_status":"closed","ping_status":"closed","template":"page-blank.php","meta":{"_acf_changed":false,"inline_featured_image":false,"footnotes":""},"class_list":["post-1607","page","type-page","status-publish","hentry"],"acf":[],"yoast_head":"<!-- This site is optimized with the Yoast SEO plugin v23.7 - https:\/\/yoast.com\/wordpress\/plugins\/seo\/ -->\n<title>Andere Dienstleistungen - Zoppelletto<\/title>\n<meta name=\"robots\" content=\"index, follow, max-snippet:-1, max-image-preview:large, max-video-preview:-1\" \/>\n<link rel=\"canonical\" href=\"https:\/\/zoppelletto.com\/de\/dienstleistungen\/andere-dienstleistungen\/\" \/>\n<meta property=\"og:locale\" content=\"de_DE\" \/>\n<meta property=\"og:type\" content=\"article\" \/>\n<meta property=\"og:title\" content=\"Andere Dienstleistungen - Zoppelletto\" \/>\n<meta property=\"og:url\" content=\"https:\/\/zoppelletto.com\/de\/dienstleistungen\/andere-dienstleistungen\/\" \/>\n<meta property=\"og:site_name\" content=\"Zoppelletto\" \/>\n<meta property=\"article:modified_time\" content=\"2024-07-17T07:55:12+00:00\" \/>\n<meta name=\"twitter:card\" content=\"summary_large_image\" \/>\n<meta name=\"twitter:label1\" content=\"Gesch\u00e4tzte Lesezeit\" \/>\n\t<meta name=\"twitter:data1\" content=\"4\u00a0Minuten\" \/>\n<script type=\"application\/ld+json\" class=\"yoast-schema-graph\">{\"@context\":\"https:\/\/schema.org\",\"@graph\":[{\"@type\":\"WebPage\",\"@id\":\"https:\/\/zoppelletto.com\/de\/dienstleistungen\/andere-dienstleistungen\/\",\"url\":\"https:\/\/zoppelletto.com\/de\/dienstleistungen\/andere-dienstleistungen\/\",\"name\":\"Andere Dienstleistungen - Zoppelletto\",\"isPartOf\":{\"@id\":\"https:\/\/zoppelletto.com\/de\/#website\"},\"datePublished\":\"2024-03-08T11:31:54+00:00\",\"dateModified\":\"2024-07-17T07:55:12+00:00\",\"breadcrumb\":{\"@id\":\"https:\/\/zoppelletto.com\/de\/dienstleistungen\/andere-dienstleistungen\/#breadcrumb\"},\"inLanguage\":\"de\",\"potentialAction\":[{\"@type\":\"ReadAction\",\"target\":[\"https:\/\/zoppelletto.com\/de\/dienstleistungen\/andere-dienstleistungen\/\"]}]},{\"@type\":\"BreadcrumbList\",\"@id\":\"https:\/\/zoppelletto.com\/de\/dienstleistungen\/andere-dienstleistungen\/#breadcrumb\",\"itemListElement\":[{\"@type\":\"ListItem\",\"position\":1,\"name\":\"Home\",\"item\":\"https:\/\/zoppelletto.com\/de\/\"},{\"@type\":\"ListItem\",\"position\":2,\"name\":\"Dienstleistungen\",\"item\":\"https:\/\/zoppelletto.com\/de\/servizi\/\"},{\"@type\":\"ListItem\",\"position\":3,\"name\":\"Andere Dienstleistungen\"}]},{\"@type\":\"WebSite\",\"@id\":\"https:\/\/zoppelletto.com\/de\/#website\",\"url\":\"https:\/\/zoppelletto.com\/de\/\",\"name\":\"Zoppelletto\",\"description\":\"Officine meccaniche\",\"potentialAction\":[{\"@type\":\"SearchAction\",\"target\":{\"@type\":\"EntryPoint\",\"urlTemplate\":\"https:\/\/zoppelletto.com\/de\/?s={search_term_string}\"},\"query-input\":{\"@type\":\"PropertyValueSpecification\",\"valueRequired\":true,\"valueName\":\"search_term_string\"}}],\"inLanguage\":\"de\"}]}<\/script>\n<!-- \/ Yoast SEO plugin. -->","yoast_head_json":{"title":"Andere Dienstleistungen - Zoppelletto","robots":{"index":"index","follow":"follow","max-snippet":"max-snippet:-1","max-image-preview":"max-image-preview:large","max-video-preview":"max-video-preview:-1"},"canonical":"https:\/\/zoppelletto.com\/de\/dienstleistungen\/andere-dienstleistungen\/","og_locale":"de_DE","og_type":"article","og_title":"Andere Dienstleistungen - Zoppelletto","og_url":"https:\/\/zoppelletto.com\/de\/dienstleistungen\/andere-dienstleistungen\/","og_site_name":"Zoppelletto","article_modified_time":"2024-07-17T07:55:12+00:00","twitter_card":"summary_large_image","twitter_misc":{"Gesch\u00e4tzte Lesezeit":"4\u00a0Minuten"},"schema":{"@context":"https:\/\/schema.org","@graph":[{"@type":"WebPage","@id":"https:\/\/zoppelletto.com\/de\/dienstleistungen\/andere-dienstleistungen\/","url":"https:\/\/zoppelletto.com\/de\/dienstleistungen\/andere-dienstleistungen\/","name":"Andere Dienstleistungen - Zoppelletto","isPartOf":{"@id":"https:\/\/zoppelletto.com\/de\/#website"},"datePublished":"2024-03-08T11:31:54+00:00","dateModified":"2024-07-17T07:55:12+00:00","breadcrumb":{"@id":"https:\/\/zoppelletto.com\/de\/dienstleistungen\/andere-dienstleistungen\/#breadcrumb"},"inLanguage":"de","potentialAction":[{"@type":"ReadAction","target":["https:\/\/zoppelletto.com\/de\/dienstleistungen\/andere-dienstleistungen\/"]}]},{"@type":"BreadcrumbList","@id":"https:\/\/zoppelletto.com\/de\/dienstleistungen\/andere-dienstleistungen\/#breadcrumb","itemListElement":[{"@type":"ListItem","position":1,"name":"Home","item":"https:\/\/zoppelletto.com\/de\/"},{"@type":"ListItem","position":2,"name":"Dienstleistungen","item":"https:\/\/zoppelletto.com\/de\/servizi\/"},{"@type":"ListItem","position":3,"name":"Andere Dienstleistungen"}]},{"@type":"WebSite","@id":"https:\/\/zoppelletto.com\/de\/#website","url":"https:\/\/zoppelletto.com\/de\/","name":"Zoppelletto","description":"Officine meccaniche","potentialAction":[{"@type":"SearchAction","target":{"@type":"EntryPoint","urlTemplate":"https:\/\/zoppelletto.com\/de\/?s={search_term_string}"},"query-input":{"@type":"PropertyValueSpecification","valueRequired":true,"valueName":"search_term_string"}}],"inLanguage":"de"}]}},"_links":{"self":[{"href":"https:\/\/zoppelletto.com\/de\/wp-json\/wp\/v2\/pages\/1607","targetHints":{"allow":["GET"]}}],"collection":[{"href":"https:\/\/zoppelletto.com\/de\/wp-json\/wp\/v2\/pages"}],"about":[{"href":"https:\/\/zoppelletto.com\/de\/wp-json\/wp\/v2\/types\/page"}],"author":[{"embeddable":true,"href":"https:\/\/zoppelletto.com\/de\/wp-json\/wp\/v2\/users\/1"}],"replies":[{"embeddable":true,"href":"https:\/\/zoppelletto.com\/de\/wp-json\/wp\/v2\/comments?post=1607"}],"version-history":[{"count":11,"href":"https:\/\/zoppelletto.com\/de\/wp-json\/wp\/v2\/pages\/1607\/revisions"}],"predecessor-version":[{"id":1655,"href":"https:\/\/zoppelletto.com\/de\/wp-json\/wp\/v2\/pages\/1607\/revisions\/1655"}],"up":[{"embeddable":true,"href":"https:\/\/zoppelletto.com\/de\/wp-json\/wp\/v2\/pages\/1709"}],"wp:attachment":[{"href":"https:\/\/zoppelletto.com\/de\/wp-json\/wp\/v2\/media?parent=1607"}],"curies":[{"name":"wp","href":"https:\/\/api.w.org\/{rel}","templated":true}]}}