{"id":1595,"date":"2024-03-08T11:28:18","date_gmt":"2024-03-08T11:28:18","guid":{"rendered":"https:\/\/zoppelletto.com\/arbeiten-sie-mit-uns\/"},"modified":"2024-07-17T07:53:08","modified_gmt":"2024-07-17T07:53:08","slug":"arbeiten-sie-mit-uns","status":"publish","type":"page","link":"https:\/\/zoppelletto.com\/de\/arbeiten-sie-mit-uns\/","title":{"rendered":"Arbeiten Sie mit uns"},"content":{"rendered":"\n\t<section class=\"section dark\" id=\"section_103287208\">\n\t\t<div class=\"section-bg fill\" >\n\t\t\t\t\t\t\t\t\t\n\t\t\t\n\n\t\t<\/div>\n\n\t\t\n\n\t\t<div class=\"section-content relative\">\n\t\t\t\n<div class=\"row\"  id=\"row-1045700280\">\n\n\t<div id=\"col-1265396388\" class=\"col small-12 large-12\"  >\n\t\t\t\t<div class=\"col-inner\"  >\n\t\t\t\n\t\t\t\n\t<div id=\"text-1612808679\" class=\"text margin-0\">\n\t\t\n<h1>Arbeiten Sie mit uns<\/h1>\n\t\t\n<style>\n#text-1612808679 {\n  font-size: 2rem;\n}\n<\/style>\n\t<\/div>\n\t\n\t\t<\/div>\n\t\t\t\t\n<style>\n#col-1265396388 > .col-inner {\n  padding: 42px 0px 16px 0px;\n}\n<\/style>\n\t<\/div>\n\n\t\n<\/div>\n\t\t<\/div>\n\n\t\t\n<style>\n#section_103287208 {\n  padding-top: 0px;\n  padding-bottom: 0px;\n  background-color: #06038d;\n}\n<\/style>\n\t<\/section>\n\t\n<div class=\"row row-collapse row-full-width\"  id=\"row-1685033433\">\n\n\t<div id=\"col-722384476\" class=\"col small-12 large-12\"  >\n\t\t\t\t<div class=\"col-inner\"  >\n\t\t\t\n\t\t\t\n\t<div class=\"img has-hover hide-for-medium x md-x lg-x y md-y lg-y\" id=\"image_5861935\">\n\t\t\t\t\t\t\t\t<div class=\"img-inner image-cover dark\" style=\"padding-top:5%;\">\n\t\t\t<img loading=\"lazy\" decoding=\"async\" width=\"1020\" height=\"1020\" src=\"https:\/\/zoppelletto.com\/wp-content\/uploads\/2024\/03\/zp-separator.svg\" class=\"attachment-large size-large\" alt=\"\" \/>\t\t\t\t\t\t\n\t\t\t\t\t<\/div>\n\t\t\t\t\t\t\t\t\n<style>\n#image_5861935 {\n  width: 100%;\n}\n<\/style>\n\t<\/div>\n\t\n\t<div class=\"img has-hover show-for-medium x md-x lg-x y md-y lg-y\" id=\"image_374810849\">\n\t\t\t\t\t\t\t\t<div class=\"img-inner image-cover dark\" style=\"padding-top:15%;\">\n\t\t\t<img loading=\"lazy\" decoding=\"async\" width=\"1020\" height=\"1020\" src=\"https:\/\/zoppelletto.com\/wp-content\/uploads\/2024\/03\/zp-separator.svg\" class=\"attachment-large size-large\" alt=\"\" \/>\t\t\t\t\t\t\n\t\t\t\t\t<\/div>\n\t\t\t\t\t\t\t\t\n<style>\n#image_374810849 {\n  width: 100%;\n}\n<\/style>\n\t<\/div>\n\t\n\t\t<\/div>\n\t\t\t\t\n<style>\n#col-722384476 > .col-inner {\n  margin: -24px 0px -80px 0px;\n}\n@media (min-width:850px) {\n  #col-722384476 > .col-inner {\n    margin: -24px 0px -64px 0px;\n  }\n}\n<\/style>\n\t<\/div>\n\n\t\n<\/div>\n\n\t<section class=\"section\" id=\"section_1857550982\">\n\t\t<div class=\"section-bg fill\" >\n\t\t\t\t\t\t\t\t\t\n\t\t\t\n\t<div class=\"is-border\"\n\t\tstyle=\"border-width:0px 0px 1px 0px;\">\n\t<\/div>\n\n\t\t<\/div>\n\n\t\t\n\n\t\t<div class=\"section-content relative\">\n\t\t\t\n<div class=\"row align-equal\"  id=\"row-1556760561\">\n\n\t<div id=\"col-1636789693\" class=\"col medium-12 small-12 large-8\"  data-animate=\"fadeInUp\">\n\t\t\t\t<div class=\"col-inner\"  >\n\t\t\t\n\t\t\t\n\t<div id=\"gap-1990131878\" class=\"gap-element clearfix\" style=\"display:block; height:auto;\">\n\t\t\n<style>\n#gap-1990131878 {\n  padding-top: 60px;\n}\n<\/style>\n\t<\/div>\n\t\n\t<div id=\"text-1741762438\" class=\"text light\">\n\t\t\n<h2>Officine Zoppelletto Srl ist ein Unternehmen in der Region Vicenza, das im Bereich der Blechbearbeitung t\u00e4tig ist. <\/h2>\n\t\t\t<\/div>\n\t\n<p>Es bietet Oxicutting, Plasmaschneiden, Laserschneiden, Biegen, Kalandrieren, Abschr\u00e4gen, Schwei\u00dfen und andere mechanische Bearbeitungen an. Wir bearbeiten rostfreie und Kohlenstoffst\u00e4hle verschiedener Arten und St\u00e4rken.<\/p>\n\t\t<\/div>\n\t\t\t\t\t<\/div>\n\n\t\n<\/div>\n<div class=\"row\"  id=\"row-815069465\">\n\n\t<div id=\"col-1337141904\" class=\"col small-12 large-12\"  >\n\t\t\t\t<div class=\"col-inner\"  >\n\t\t\t\n\t\t\t\n            <div class=\"row align-equal\">\n                <div class=\"col medium-12 small-12 large-12\" data-animate=\"fadeInUp\">\n                    <h2>Posizioni aperte<\/h2>\n                <\/div>\n                                        <div class=\"col medium-6 small-12 large-4 zp-slice-blue\" data-animate=\"fadeInUp\">\n                            <div class=\"col-inner\">\n                                <h4>Piegatore<\/h4>\n                                <p>La nostra azienda sta selezionando un addetto alla piegatura.<\/p>\n                                <a href=\"https:\/\/zoppelletto.com\/de\/offerte-di-lavoro\/piegatore\/\" class=\"button primary lowercase is-small\">Scopri di pi\u00f9<\/a>\n                            <\/div>\n                        <\/div>\n                                                <div class=\"col medium-6 small-12 large-4 zp-slice-blue\" data-animate=\"fadeInUp\">\n                            <div class=\"col-inner\">\n                                <h4>Operatore meccanico<\/h4>\n                                <p>La nostra azienda sta selezionando un operatore meccanico.<\/p>\n                                <a href=\"https:\/\/zoppelletto.com\/de\/offerte-di-lavoro\/operatore-meccanico\/\" class=\"button primary lowercase is-small\">Scopri di pi\u00f9<\/a>\n                            <\/div>\n                        <\/div>\n                                    <\/div>\n    \n\t\t<\/div>\n\t\t\t\t\t<\/div>\n\n\t\n<\/div>\n\t\t<\/div>\n\n\t\t\n<style>\n#section_1857550982 {\n  padding-top: 0px;\n  padding-bottom: 0px;\n}\n<\/style>\n\t<\/section>\n\t\n\n\t<section class=\"section has-parallax\" id=\"section_52121639\">\n\t\t<div class=\"section-bg fill\" data-parallax-container=\".section\" data-parallax-background data-parallax=\"-8\">\n\t\t\t<img loading=\"lazy\" decoding=\"async\" width=\"1620\" height=\"1080\" src=\"https:\/\/zoppelletto.com\/wp-content\/uploads\/2024\/07\/David-Hatters-Zoppelletto-personale_T4B7955.jpg\" class=\"bg attachment-original size-original\" alt=\"\" \/>\t\t\t\t\t\t<div class=\"section-bg-overlay absolute fill\"><\/div>\n\t\t\t\n\n\t\t<\/div>\n\n\t\t\n\n\t\t<div class=\"section-content relative\">\n\t\t\t\n\t\t<\/div>\n\n\t\t\n<style>\n#section_52121639 {\n  padding-top: 60px;\n  padding-bottom: 60px;\n  min-height: 520px;\n}\n#section_52121639 .section-bg-overlay {\n  background-color: rgba(0, 0, 0, 0.058);\n}\n#section_52121639 .section-bg img {\n  object-position: 0% 83%;\n}\n<\/style>\n\t<\/section>\n\t\n","protected":false},"excerpt":{"rendered":"","protected":false},"author":1,"featured_media":0,"parent":0,"menu_order":0,"comment_status":"closed","ping_status":"closed","template":"page-blank.php","meta":{"_acf_changed":false,"inline_featured_image":false,"footnotes":""},"class_list":["post-1595","page","type-page","status-publish","hentry"],"acf":[],"yoast_head":"<!-- This site is optimized with the Yoast SEO plugin v23.7 - https:\/\/yoast.com\/wordpress\/plugins\/seo\/ -->\n<title>Arbeiten Sie mit uns - Zoppelletto<\/title>\n<meta name=\"robots\" content=\"index, follow, max-snippet:-1, max-image-preview:large, max-video-preview:-1\" \/>\n<link rel=\"canonical\" href=\"https:\/\/zoppelletto.com\/de\/arbeiten-sie-mit-uns\/\" \/>\n<meta property=\"og:locale\" content=\"de_DE\" \/>\n<meta property=\"og:type\" content=\"article\" \/>\n<meta property=\"og:title\" content=\"Arbeiten Sie mit uns - Zoppelletto\" \/>\n<meta property=\"og:url\" content=\"https:\/\/zoppelletto.com\/de\/arbeiten-sie-mit-uns\/\" \/>\n<meta property=\"og:site_name\" content=\"Zoppelletto\" \/>\n<meta property=\"article:modified_time\" content=\"2024-07-17T07:53:08+00:00\" \/>\n<meta name=\"twitter:card\" content=\"summary_large_image\" \/>\n<meta name=\"twitter:label1\" content=\"Gesch\u00e4tzte Lesezeit\" \/>\n\t<meta name=\"twitter:data1\" content=\"1\u00a0Minute\" \/>\n<script type=\"application\/ld+json\" class=\"yoast-schema-graph\">{\"@context\":\"https:\/\/schema.org\",\"@graph\":[{\"@type\":\"WebPage\",\"@id\":\"https:\/\/zoppelletto.com\/de\/arbeiten-sie-mit-uns\/\",\"url\":\"https:\/\/zoppelletto.com\/de\/arbeiten-sie-mit-uns\/\",\"name\":\"Arbeiten Sie mit uns - Zoppelletto\",\"isPartOf\":{\"@id\":\"https:\/\/zoppelletto.com\/de\/#website\"},\"datePublished\":\"2024-03-08T11:28:18+00:00\",\"dateModified\":\"2024-07-17T07:53:08+00:00\",\"breadcrumb\":{\"@id\":\"https:\/\/zoppelletto.com\/de\/arbeiten-sie-mit-uns\/#breadcrumb\"},\"inLanguage\":\"de\",\"potentialAction\":[{\"@type\":\"ReadAction\",\"target\":[\"https:\/\/zoppelletto.com\/de\/arbeiten-sie-mit-uns\/\"]}]},{\"@type\":\"BreadcrumbList\",\"@id\":\"https:\/\/zoppelletto.com\/de\/arbeiten-sie-mit-uns\/#breadcrumb\",\"itemListElement\":[{\"@type\":\"ListItem\",\"position\":1,\"name\":\"Home\",\"item\":\"https:\/\/zoppelletto.com\/de\/\"},{\"@type\":\"ListItem\",\"position\":2,\"name\":\"Arbeiten Sie mit uns\"}]},{\"@type\":\"WebSite\",\"@id\":\"https:\/\/zoppelletto.com\/de\/#website\",\"url\":\"https:\/\/zoppelletto.com\/de\/\",\"name\":\"Zoppelletto\",\"description\":\"Officine meccaniche\",\"potentialAction\":[{\"@type\":\"SearchAction\",\"target\":{\"@type\":\"EntryPoint\",\"urlTemplate\":\"https:\/\/zoppelletto.com\/de\/?s={search_term_string}\"},\"query-input\":{\"@type\":\"PropertyValueSpecification\",\"valueRequired\":true,\"valueName\":\"search_term_string\"}}],\"inLanguage\":\"de\"}]}<\/script>\n<!-- \/ Yoast SEO plugin. -->","yoast_head_json":{"title":"Arbeiten Sie mit uns - Zoppelletto","robots":{"index":"index","follow":"follow","max-snippet":"max-snippet:-1","max-image-preview":"max-image-preview:large","max-video-preview":"max-video-preview:-1"},"canonical":"https:\/\/zoppelletto.com\/de\/arbeiten-sie-mit-uns\/","og_locale":"de_DE","og_type":"article","og_title":"Arbeiten Sie mit uns - Zoppelletto","og_url":"https:\/\/zoppelletto.com\/de\/arbeiten-sie-mit-uns\/","og_site_name":"Zoppelletto","article_modified_time":"2024-07-17T07:53:08+00:00","twitter_card":"summary_large_image","twitter_misc":{"Gesch\u00e4tzte Lesezeit":"1\u00a0Minute"},"schema":{"@context":"https:\/\/schema.org","@graph":[{"@type":"WebPage","@id":"https:\/\/zoppelletto.com\/de\/arbeiten-sie-mit-uns\/","url":"https:\/\/zoppelletto.com\/de\/arbeiten-sie-mit-uns\/","name":"Arbeiten Sie mit uns - Zoppelletto","isPartOf":{"@id":"https:\/\/zoppelletto.com\/de\/#website"},"datePublished":"2024-03-08T11:28:18+00:00","dateModified":"2024-07-17T07:53:08+00:00","breadcrumb":{"@id":"https:\/\/zoppelletto.com\/de\/arbeiten-sie-mit-uns\/#breadcrumb"},"inLanguage":"de","potentialAction":[{"@type":"ReadAction","target":["https:\/\/zoppelletto.com\/de\/arbeiten-sie-mit-uns\/"]}]},{"@type":"BreadcrumbList","@id":"https:\/\/zoppelletto.com\/de\/arbeiten-sie-mit-uns\/#breadcrumb","itemListElement":[{"@type":"ListItem","position":1,"name":"Home","item":"https:\/\/zoppelletto.com\/de\/"},{"@type":"ListItem","position":2,"name":"Arbeiten Sie mit uns"}]},{"@type":"WebSite","@id":"https:\/\/zoppelletto.com\/de\/#website","url":"https:\/\/zoppelletto.com\/de\/","name":"Zoppelletto","description":"Officine meccaniche","potentialAction":[{"@type":"SearchAction","target":{"@type":"EntryPoint","urlTemplate":"https:\/\/zoppelletto.com\/de\/?s={search_term_string}"},"query-input":{"@type":"PropertyValueSpecification","valueRequired":true,"valueName":"search_term_string"}}],"inLanguage":"de"}]}},"_links":{"self":[{"href":"https:\/\/zoppelletto.com\/de\/wp-json\/wp\/v2\/pages\/1595","targetHints":{"allow":["GET"]}}],"collection":[{"href":"https:\/\/zoppelletto.com\/de\/wp-json\/wp\/v2\/pages"}],"about":[{"href":"https:\/\/zoppelletto.com\/de\/wp-json\/wp\/v2\/types\/page"}],"author":[{"embeddable":true,"href":"https:\/\/zoppelletto.com\/de\/wp-json\/wp\/v2\/users\/1"}],"replies":[{"embeddable":true,"href":"https:\/\/zoppelletto.com\/de\/wp-json\/wp\/v2\/comments?post=1595"}],"version-history":[{"count":2,"href":"https:\/\/zoppelletto.com\/de\/wp-json\/wp\/v2\/pages\/1595\/revisions"}],"predecessor-version":[{"id":1606,"href":"https:\/\/zoppelletto.com\/de\/wp-json\/wp\/v2\/pages\/1595\/revisions\/1606"}],"wp:attachment":[{"href":"https:\/\/zoppelletto.com\/de\/wp-json\/wp\/v2\/media?parent=1595"}],"curies":[{"name":"wp","href":"https:\/\/api.w.org\/{rel}","templated":true}]}}