{"id":1542,"date":"2024-05-15T07:35:20","date_gmt":"2024-05-15T07:35:20","guid":{"rendered":"https:\/\/zoppelletto.com\/sektoren\/"},"modified":"2024-07-17T07:52:41","modified_gmt":"2024-07-17T07:52:41","slug":"sektoren","status":"publish","type":"page","link":"https:\/\/zoppelletto.com\/de\/sektoren\/","title":{"rendered":"Sektoren"},"content":{"rendered":"\n\t<section class=\"section dark\" id=\"section_532641650\">\n\t\t<div class=\"section-bg fill\" >\n\t\t\t\t\t\t\t\t\t\n\t\t\t\n\n\t\t<\/div>\n\n\t\t\n\n\t\t<div class=\"section-content relative\">\n\t\t\t\n<div class=\"row\"  id=\"row-1524765374\">\n\n\t<div id=\"col-794422155\" class=\"col small-12 large-12\"  >\n\t\t\t\t<div class=\"col-inner\"  >\n\t\t\t\n\t\t\t\n\t<div id=\"text-1675097195\" class=\"text margin-0\">\n\t\t\n<h1>Anwendungsbereiche<\/h1>\n\t\t\n<style>\n#text-1675097195 {\n  font-size: 2rem;\n}\n<\/style>\n\t<\/div>\n\t\n\t\t<\/div>\n\t\t\t\t\n<style>\n#col-794422155 > .col-inner {\n  padding: 42px 0px 16px 0px;\n}\n<\/style>\n\t<\/div>\n\n\t\n<\/div>\n\t\t<\/div>\n\n\t\t\n<style>\n#section_532641650 {\n  padding-top: 0px;\n  padding-bottom: 0px;\n  background-color: #06038d;\n}\n<\/style>\n\t<\/section>\n\t\n<div class=\"row row-collapse row-full-width\"  id=\"row-909349325\">\n\n\t<div id=\"col-1948072683\" class=\"col small-12 large-12\"  >\n\t\t\t\t<div class=\"col-inner\"  >\n\t\t\t\n\t\t\t\n\t<div class=\"img has-hover hide-for-medium x md-x lg-x y md-y lg-y\" id=\"image_1943994734\">\n\t\t\t\t\t\t\t\t<div class=\"img-inner image-cover dark\" style=\"padding-top:5%;\">\n\t\t\t<img loading=\"lazy\" decoding=\"async\" width=\"1020\" height=\"1020\" src=\"https:\/\/zoppelletto.com\/wp-content\/uploads\/2024\/03\/zp-separator.svg\" class=\"attachment-large size-large\" alt=\"\" \/>\t\t\t\t\t\t\n\t\t\t\t\t<\/div>\n\t\t\t\t\t\t\t\t\n<style>\n#image_1943994734 {\n  width: 100%;\n}\n<\/style>\n\t<\/div>\n\t\n\t<div class=\"img has-hover show-for-medium x md-x lg-x y md-y lg-y\" id=\"image_1891922180\">\n\t\t\t\t\t\t\t\t<div class=\"img-inner image-cover dark\" style=\"padding-top:15%;\">\n\t\t\t<img loading=\"lazy\" decoding=\"async\" width=\"1020\" height=\"1020\" src=\"https:\/\/zoppelletto.com\/wp-content\/uploads\/2024\/03\/zp-separator.svg\" class=\"attachment-large size-large\" alt=\"\" \/>\t\t\t\t\t\t\n\t\t\t\t\t<\/div>\n\t\t\t\t\t\t\t\t\n<style>\n#image_1891922180 {\n  width: 100%;\n}\n<\/style>\n\t<\/div>\n\t\n\t\t<\/div>\n\t\t\t\t\n<style>\n#col-1948072683 > .col-inner {\n  margin: -24px 0px -80px 0px;\n}\n@media (min-width:850px) {\n  #col-1948072683 > .col-inner {\n    margin: -24px 0px -60px 0px;\n  }\n}\n<\/style>\n\t<\/div>\n\n\t\n<\/div>\n\n\t<section class=\"section\" id=\"section_1198176205\">\n\t\t<div class=\"section-bg fill\" >\n\t\t\t\t\t\t\t\t\t\n\t\t\t\n\n\t\t<\/div>\n\n\t\t\n\n\t\t<div class=\"section-content relative\">\n\t\t\t\n<div class=\"row\"  id=\"row-1904228771\">\n\n\t<div id=\"col-984331042\" class=\"col medium-8 small-12 large-8\"  data-animate=\"fadeInUp\">\n\t\t\t\t<div class=\"col-inner\"  >\n\t\t\t\n\t\t\t\n\t<div id=\"text-1653129967\" class=\"text light\">\n\t\t\n<h2>Seit drei Generationen produzieren wir Stahlhalbfabrikate f\u00fcr die folgenden Sektoren<\/h2>\n\t\t\t<\/div>\n\t\n\t\t<\/div>\n\t\t\t\t\t<\/div>\n\n\t\n<\/div>\n<div class=\"row\"  id=\"row-2071904428\">\n\n\t<div id=\"col-1631605902\" class=\"col medium-12 small-12 large-12\"  data-animate=\"fadeInUp\">\n\t\t\t\t<div class=\"col-inner\"  >\n\t\t\t\n\t\t\t\n\t<div id=\"gap-1738593691\" class=\"gap-element clearfix\" style=\"display:block; height:auto;\">\n\t\t\n<style>\n#gap-1738593691 {\n  padding-top: 30px;\n}\n<\/style>\n\t<\/div>\n\t\n<div class=\"row row-small align-equal\"  id=\"row-1802651697\">\n\n\t<div id=\"col-1261568166\" class=\"col medium-4 small-12 large-4\"  data-animate=\"fadeInUp\">\n\t\t\t\t<div class=\"col-inner\"  >\n\t\t\t\n\t\t\t\n\t<div class=\"img has-hover x md-x lg-x y md-y lg-y\" id=\"image_1697114547\">\n\t\t\t\t\t\t\t\t<div class=\"img-inner image-cover dark\" style=\"padding-top:56.25%;\">\n\t\t\t<img loading=\"lazy\" decoding=\"async\" width=\"1020\" height=\"680\" src=\"https:\/\/zoppelletto.com\/wp-content\/uploads\/2024\/05\/shutterstock_599694782-1024x683.jpg\" class=\"attachment-large size-large\" alt=\"\" srcset=\"https:\/\/zoppelletto.com\/wp-content\/uploads\/2024\/05\/shutterstock_599694782-1024x683.jpg 1024w, https:\/\/zoppelletto.com\/wp-content\/uploads\/2024\/05\/shutterstock_599694782-300x200.jpg 300w, https:\/\/zoppelletto.com\/wp-content\/uploads\/2024\/05\/shutterstock_599694782-768x512.jpg 768w, https:\/\/zoppelletto.com\/wp-content\/uploads\/2024\/05\/shutterstock_599694782-1536x1025.jpg 1536w, https:\/\/zoppelletto.com\/wp-content\/uploads\/2024\/05\/shutterstock_599694782.jpg 1920w\" sizes=\"auto, (max-width: 1020px) 100vw, 1020px\" \/>\t\t\t\t\t\t\n\t\t\t\t\t<\/div>\n\t\t\t\t\t\t\t\t\n<style>\n#image_1697114547 {\n  width: 100%;\n}\n<\/style>\n\t<\/div>\n\t\n\t<div id=\"text-1513958269\" class=\"text strong margin-0\">\n\t\t\n<p>Bauwesen<br \/>\n\t\t\t<\/div>\n\t\n\t<div id=\"gap-139375918\" class=\"gap-element clearfix\" style=\"display:block; height:auto;\">\n\t\t\n<style>\n#gap-139375918 {\n  padding-top: 8px;\n}\n<\/style>\n\t<\/div>\n\t\n\t<div id=\"stack-1771302597\" class=\"stack stack-row justify-start items-stretch\">\n\t\t\n\t<div id=\"text-1730831784\" class=\"text strong margin-0\">\n\t\t\n<p><i class=\"fa-solid fa-gear\"><!-- icon --><\/i><br \/>\n\t\t\n<style>\n#text-1730831784 {\n  font-size: 0.8rem;\n}\n<\/style>\n\t<\/div>\n\t\n\t<div id=\"text-1394612570\" class=\"text strong margin-0\">\n\t\t\n<p>Gro\u00dfanlagen (Werkzeugmaschinen, Industrieanlagen, Reinigungsanlagen)<\/p>\n\t\t\n<style>\n#text-1394612570 {\n  font-size: 0.8rem;\n}\n<\/style>\n\t<\/div>\n\t\n\t\t\n<style>\n#stack-1771302597 > * {\n  --stack-gap: 1rem;\n}\n<\/style>\n\t<\/div>\n\t\n\t<div id=\"gap-1965208548\" class=\"gap-element clearfix\" style=\"display:block; height:auto;\">\n\t\t\n<style>\n#gap-1965208548 {\n  padding-top: 8px;\n}\n<\/style>\n\t<\/div>\n\t\n\t<div id=\"text-2007463993\" class=\"text light margin-0\">\n\t\t\n<p>Wir stellen wichtige Komponenten f\u00fcr Industrieanlagen, Werkzeugmaschinen und Reinigungssysteme her.<\/p>\n\t\t\t<\/div>\n\t\n\t\t<\/div>\n\t\t\t\t\t<\/div>\n\n\t\n\n\t<div id=\"col-789265176\" class=\"col medium-4 small-12 large-4\"  data-animate=\"fadeInUp\">\n\t\t\t\t<div class=\"col-inner\"  >\n\t\t\t\n\t\t\t\n\t<div class=\"img has-hover x md-x lg-x y md-y lg-y\" id=\"image_1519014055\">\n\t\t\t\t\t\t\t\t<div class=\"img-inner image-cover dark\" style=\"padding-top:56.25%;\">\n\t\t\t<img loading=\"lazy\" decoding=\"async\" width=\"1020\" height=\"680\" src=\"https:\/\/zoppelletto.com\/wp-content\/uploads\/2024\/05\/shutterstock_1130861939-1024x683.jpg\" class=\"attachment-large size-large\" alt=\"\" srcset=\"https:\/\/zoppelletto.com\/wp-content\/uploads\/2024\/05\/shutterstock_1130861939-1024x683.jpg 1024w, https:\/\/zoppelletto.com\/wp-content\/uploads\/2024\/05\/shutterstock_1130861939-300x200.jpg 300w, https:\/\/zoppelletto.com\/wp-content\/uploads\/2024\/05\/shutterstock_1130861939-768x512.jpg 768w, https:\/\/zoppelletto.com\/wp-content\/uploads\/2024\/05\/shutterstock_1130861939-1536x1024.jpg 1536w, https:\/\/zoppelletto.com\/wp-content\/uploads\/2024\/05\/shutterstock_1130861939.jpg 1920w\" sizes=\"auto, (max-width: 1020px) 100vw, 1020px\" \/>\t\t\t\t\t\t\n\t\t\t\t\t<\/div>\n\t\t\t\t\t\t\t\t\n<style>\n#image_1519014055 {\n  width: 100%;\n}\n<\/style>\n\t<\/div>\n\t\n\t<div id=\"text-206804237\" class=\"text strong margin-0\">\n\t\t\n<p>Energie<br \/>\n\t\t\t<\/div>\n\t\n\t<div id=\"gap-1050954485\" class=\"gap-element clearfix\" style=\"display:block; height:auto;\">\n\t\t\n<style>\n#gap-1050954485 {\n  padding-top: 8px;\n}\n<\/style>\n\t<\/div>\n\t\n\t<div id=\"stack-1226800812\" class=\"stack stack-row justify-start items-stretch\">\n\t\t\n\t<div id=\"text-1685125080\" class=\"text strong margin-0\">\n\t\t\n<p><i class=\"fa-solid fa-gear\"><!-- icon --><\/i><br \/>\n\t\t\n<style>\n#text-1685125080 {\n  font-size: 0.8rem;\n}\n<\/style>\n\t<\/div>\n\t\n\t<div id=\"text-234895162\" class=\"text strong margin-0\">\n\t\t\n<p>Wasserkraft, Kernkraftwerke, Windkraft<br \/>\n\t\t\n<style>\n#text-234895162 {\n  font-size: 0.8rem;\n}\n<\/style>\n\t<\/div>\n\t\n\t\t\n<style>\n#stack-1226800812 > * {\n  --stack-gap: 1rem;\n}\n<\/style>\n\t<\/div>\n\t\n\t<div id=\"gap-221175764\" class=\"gap-element clearfix\" style=\"display:block; height:auto;\">\n\t\t\n<style>\n#gap-221175764 {\n  padding-top: 8px;\n}\n<\/style>\n\t<\/div>\n\t\n\t<div id=\"text-611606003\" class=\"text light margin-0\">\n\t\t\n<p>Wir bieten fortschrittliche L\u00f6sungen f\u00fcr den Energiesektor und unterst\u00fctzen Infrastrukturen f\u00fcr Wasserkraftwerke, Kernkraftwerke und Windparks.<br \/>\n\t\t\t<\/div>\n\t\n\t\t<\/div>\n\t\t\t\t\t<\/div>\n\n\t\n\n\t<div id=\"col-250714054\" class=\"col medium-4 small-12 large-4\"  data-animate=\"fadeInUp\">\n\t\t\t\t<div class=\"col-inner\"  >\n\t\t\t\n\t\t\t\n\t<div class=\"img has-hover x md-x lg-x y md-y lg-y\" id=\"image_1409773747\">\n\t\t\t\t\t\t\t\t<div class=\"img-inner image-cover dark\" style=\"padding-top:56.25%;\">\n\t\t\t<img loading=\"lazy\" decoding=\"async\" width=\"1020\" height=\"574\" src=\"https:\/\/zoppelletto.com\/wp-content\/uploads\/2024\/05\/shutterstock_2293434657-1024x576.jpg\" class=\"attachment-large size-large\" alt=\"\" srcset=\"https:\/\/zoppelletto.com\/wp-content\/uploads\/2024\/05\/shutterstock_2293434657-1024x576.jpg 1024w, https:\/\/zoppelletto.com\/wp-content\/uploads\/2024\/05\/shutterstock_2293434657-300x169.jpg 300w, https:\/\/zoppelletto.com\/wp-content\/uploads\/2024\/05\/shutterstock_2293434657-768x432.jpg 768w, https:\/\/zoppelletto.com\/wp-content\/uploads\/2024\/05\/shutterstock_2293434657-1536x864.jpg 1536w, https:\/\/zoppelletto.com\/wp-content\/uploads\/2024\/05\/shutterstock_2293434657.jpg 1920w\" sizes=\"auto, (max-width: 1020px) 100vw, 1020px\" \/>\t\t\t\t\t\t\n\t\t\t\t\t<\/div>\n\t\t\t\t\t\t\t\t\n<style>\n#image_1409773747 {\n  width: 100%;\n}\n<\/style>\n\t<\/div>\n\t\n\t<div id=\"text-3984644169\" class=\"text strong margin-0\">\n\t\t\n<p>Erdbewegung und Stra\u00dfentransport<\/p>\n\t\t\t<\/div>\n\t\n\t<div id=\"gap-552357053\" class=\"gap-element clearfix\" style=\"display:block; height:auto;\">\n\t\t\n<style>\n#gap-552357053 {\n  padding-top: 8px;\n}\n<\/style>\n\t<\/div>\n\t\n\t<div id=\"stack-1089836875\" class=\"stack stack-row justify-start items-stretch\">\n\t\t\n\t<div id=\"text-4003436883\" class=\"text strong margin-0\">\n\t\t\n<p><i class=\"fa-solid fa-gear\"><!-- icon --><\/i><br \/>\n\t\t\n<style>\n#text-4003436883 {\n  font-size: 0.8rem;\n}\n<\/style>\n\t<\/div>\n\t\n\t<div id=\"text-47357196\" class=\"text strong margin-0\">\n\t\t\n<p>Landmaschinen und entsprechendes Zubeh\u00f6r f\u00fcr spezielle Verarbeitungen, Sattelschlepper und LKW-Aufbauten auf Bestellung<\/p>\n\t\t\n<style>\n#text-47357196 {\n  font-size: 0.8rem;\n}\n<\/style>\n\t<\/div>\n\t\n\t\t\n<style>\n#stack-1089836875 > * {\n  --stack-gap: 1rem;\n}\n<\/style>\n\t<\/div>\n\t\n\t<div id=\"gap-1074429198\" class=\"gap-element clearfix\" style=\"display:block; height:auto;\">\n\t\t\n<style>\n#gap-1074429198 {\n  padding-top: 8px;\n}\n<\/style>\n\t<\/div>\n\t\n\t<div id=\"text-1677479259\" class=\"text light margin-0\">\n\t\t\n<p>Wir produzieren robuste und zuverl\u00e4ssige Ger\u00e4te f\u00fcr den Agrarsektor, die den unterschiedlichsten Produktionsanforderungen gerecht werden.<br \/>\n\t\t\t<\/div>\n\t\n\t\t<\/div>\n\t\t\t\t\t<\/div>\n\n\t\n\n\t<div id=\"col-1824004179\" class=\"col medium-4 small-12 large-4\"  data-animate=\"fadeInUp\">\n\t\t\t\t<div class=\"col-inner\"  >\n\t\t\t\n\t\t\t\n\t<div class=\"img has-hover x md-x lg-x y md-y lg-y\" id=\"image_1154253275\">\n\t\t\t\t\t\t\t\t<div class=\"img-inner image-cover dark\" style=\"padding-top:56.25%;\">\n\t\t\t<img loading=\"lazy\" decoding=\"async\" width=\"1020\" height=\"488\" src=\"https:\/\/zoppelletto.com\/wp-content\/uploads\/2024\/05\/shutterstock_1998624809-1024x490.jpg\" class=\"attachment-large size-large\" alt=\"\" srcset=\"https:\/\/zoppelletto.com\/wp-content\/uploads\/2024\/05\/shutterstock_1998624809-1024x490.jpg 1024w, https:\/\/zoppelletto.com\/wp-content\/uploads\/2024\/05\/shutterstock_1998624809-300x143.jpg 300w, https:\/\/zoppelletto.com\/wp-content\/uploads\/2024\/05\/shutterstock_1998624809-768x367.jpg 768w, https:\/\/zoppelletto.com\/wp-content\/uploads\/2024\/05\/shutterstock_1998624809-1536x734.jpg 1536w, https:\/\/zoppelletto.com\/wp-content\/uploads\/2024\/05\/shutterstock_1998624809.jpg 1920w\" sizes=\"auto, (max-width: 1020px) 100vw, 1020px\" \/>\t\t\t\t\t\t\n\t\t\t\t\t<\/div>\n\t\t\t\t\t\t\t\t\n<style>\n#image_1154253275 {\n  width: 100%;\n}\n<\/style>\n\t<\/div>\n\t\n\t<div id=\"text-4156340354\" class=\"text strong margin-0\">\n\t\t\n<p>Transport<br \/>\n\t\t\t<\/div>\n\t\n\t<div id=\"gap-1191745590\" class=\"gap-element clearfix\" style=\"display:block; height:auto;\">\n\t\t\n<style>\n#gap-1191745590 {\n  padding-top: 8px;\n}\n<\/style>\n\t<\/div>\n\t\n\t<div id=\"stack-1771918150\" class=\"stack stack-row justify-start items-stretch\">\n\t\t\n\t<div id=\"text-2143581947\" class=\"text strong margin-0\">\n\t\t\n<p><i class=\"fa-solid fa-gear\"><!-- icon --><\/i><br \/>\n\t\t\n<style>\n#text-2143581947 {\n  font-size: 0.8rem;\n}\n<\/style>\n\t<\/div>\n\t\n\t<div id=\"text-3855820831\" class=\"text strong margin-0\">\n\t\t\n<p>Schiffbau, Autobahnen, Br\u00fccken, Tunnel, Skilifte<br \/>\n\t\t\n<style>\n#text-3855820831 {\n  font-size: 0.8rem;\n}\n<\/style>\n\t<\/div>\n\t\n\t\t\n<style>\n#stack-1771918150 > * {\n  --stack-gap: 1rem;\n}\n<\/style>\n\t<\/div>\n\t\n\t<div id=\"gap-154809669\" class=\"gap-element clearfix\" style=\"display:block; height:auto;\">\n\t\t\n<style>\n#gap-154809669 {\n  padding-top: 8px;\n}\n<\/style>\n\t<\/div>\n\t\n\t<div id=\"text-3208900365\" class=\"text light margin-0\">\n\t\t\n<p>Wir unterst\u00fctzen den Transportsektor mit Strukturkomponenten f\u00fcr Schiffe, Autobahnen, Br\u00fccken, Tunnel und Skilifte.<br \/>\n\t\t\t<\/div>\n\t\n\t\t<\/div>\n\t\t\t\t\t<\/div>\n\n\t\n\n\t<div id=\"col-167753684\" class=\"col medium-4 small-12 large-4\"  data-animate=\"fadeInUp\">\n\t\t\t\t<div class=\"col-inner\"  >\n\t\t\t\n\t\t\t\n\t<div class=\"img has-hover x md-x lg-x y md-y lg-y\" id=\"image_1429587603\">\n\t\t\t\t\t\t\t\t<div class=\"img-inner image-cover dark\" style=\"padding-top:56.25%;\">\n\t\t\t<img loading=\"lazy\" decoding=\"async\" width=\"1020\" height=\"574\" src=\"https:\/\/zoppelletto.com\/wp-content\/uploads\/2024\/05\/shutterstock_1539605441-1024x576.jpg\" class=\"attachment-large size-large\" alt=\"\" srcset=\"https:\/\/zoppelletto.com\/wp-content\/uploads\/2024\/05\/shutterstock_1539605441-1024x576.jpg 1024w, https:\/\/zoppelletto.com\/wp-content\/uploads\/2024\/05\/shutterstock_1539605441-300x169.jpg 300w, https:\/\/zoppelletto.com\/wp-content\/uploads\/2024\/05\/shutterstock_1539605441-768x432.jpg 768w, https:\/\/zoppelletto.com\/wp-content\/uploads\/2024\/05\/shutterstock_1539605441-1536x864.jpg 1536w, https:\/\/zoppelletto.com\/wp-content\/uploads\/2024\/05\/shutterstock_1539605441.jpg 1920w\" sizes=\"auto, (max-width: 1020px) 100vw, 1020px\" \/>\t\t\t\t\t\t\n\t\t\t\t\t<\/div>\n\t\t\t\t\t\t\t\t\n<style>\n#image_1429587603 {\n  width: 100%;\n}\n<\/style>\n\t<\/div>\n\t\n\t<div id=\"text-2074653313\" class=\"text strong margin-0\">\n\t\t\n<p>Vergn\u00fcgungsparks \/ Sportstadien<br \/>\n\t\t\t<\/div>\n\t\n\t<div id=\"gap-1346918645\" class=\"gap-element clearfix\" style=\"display:block; height:auto;\">\n\t\t\n<style>\n#gap-1346918645 {\n  padding-top: 8px;\n}\n<\/style>\n\t<\/div>\n\t\n\t<div id=\"stack-2899015835\" class=\"stack stack-row justify-start items-stretch\">\n\t\t\n\t<div id=\"text-4034522321\" class=\"text strong margin-0\">\n\t\t\n<p><i class=\"fa-solid fa-gear\"><!-- icon --><\/i><br \/>\n\t\t\n<style>\n#text-4034522321 {\n  font-size: 0.8rem;\n}\n<\/style>\n\t<\/div>\n\t\n\t<div id=\"text-876290139\" class=\"text strong margin-0\">\n\t\t\n<p>Vergn\u00fcgungsparks, Sportstadien<br \/>\n\t\t\n<style>\n#text-876290139 {\n  font-size: 0.8rem;\n}\n<\/style>\n\t<\/div>\n\t\n\t\t\n<style>\n#stack-2899015835 > * {\n  --stack-gap: 1rem;\n}\n<\/style>\n\t<\/div>\n\t\n\t<div id=\"gap-289137427\" class=\"gap-element clearfix\" style=\"display:block; height:auto;\">\n\t\t\n<style>\n#gap-289137427 {\n  padding-top: 8px;\n}\n<\/style>\n\t<\/div>\n\t\n\t<div id=\"text-3625307125\" class=\"text light margin-0\">\n\t\t\n<p>Wir entwerfen und bauen sichere und innovative Strukturen f\u00fcr Vergn\u00fcgungsparks und Sportstadien.<br \/>\n\t\t\t<\/div>\n\t\n\t\t<\/div>\n\t\t\t\t\t<\/div>\n\n\t\n\n\t<div id=\"col-206838060\" class=\"col medium-4 small-12 large-4\"  data-animate=\"fadeInUp\">\n\t\t\t\t<div class=\"col-inner\"  >\n\t\t\t\n\t\t\t\n\t<div class=\"img has-hover x md-x lg-x y md-y lg-y\" id=\"image_225428730\">\n\t\t\t\t\t\t\t\t<div class=\"img-inner image-cover dark\" style=\"padding-top:56.25%;\">\n\t\t\t<img loading=\"lazy\" decoding=\"async\" width=\"1020\" height=\"680\" src=\"https:\/\/zoppelletto.com\/wp-content\/uploads\/2024\/05\/shutterstock_477961438-1024x683.jpg\" class=\"attachment-large size-large\" alt=\"\" srcset=\"https:\/\/zoppelletto.com\/wp-content\/uploads\/2024\/05\/shutterstock_477961438-1024x683.jpg 1024w, https:\/\/zoppelletto.com\/wp-content\/uploads\/2024\/05\/shutterstock_477961438-300x200.jpg 300w, https:\/\/zoppelletto.com\/wp-content\/uploads\/2024\/05\/shutterstock_477961438-768x512.jpg 768w, https:\/\/zoppelletto.com\/wp-content\/uploads\/2024\/05\/shutterstock_477961438-1536x1024.jpg 1536w, https:\/\/zoppelletto.com\/wp-content\/uploads\/2024\/05\/shutterstock_477961438.jpg 1920w\" sizes=\"auto, (max-width: 1020px) 100vw, 1020px\" \/>\t\t\t\t\t\t\n\t\t\t\t\t<\/div>\n\t\t\t\t\t\t\t\t\n<style>\n#image_225428730 {\n  width: 100%;\n}\n<\/style>\n\t<\/div>\n\t\n\t<div id=\"text-3744354390\" class=\"text strong margin-0\">\n\t\t\n<p>Bauwesen<br \/>\n\t\t\t<\/div>\n\t\n\t<div id=\"gap-1621428481\" class=\"gap-element clearfix\" style=\"display:block; height:auto;\">\n\t\t\n<style>\n#gap-1621428481 {\n  padding-top: 8px;\n}\n<\/style>\n\t<\/div>\n\t\n\t<div id=\"stack-1992121628\" class=\"stack stack-row justify-start items-stretch\">\n\t\t\n\t<div id=\"text-4086063470\" class=\"text strong margin-0\">\n\t\t\n<p><i class=\"fa-solid fa-gear\"><!-- icon --><\/i><br \/>\n\t\t\n<style>\n#text-4086063470 {\n  font-size: 0.8rem;\n}\n<\/style>\n\t<\/div>\n\t\n\t<div id=\"text-2676265364\" class=\"text strong margin-0\">\n\t\t\n<p>Industrie- und Ausstellungshallen und gro\u00dfe Bauvorhaben<br \/>\n\t\t\n<style>\n#text-2676265364 {\n  font-size: 0.8rem;\n}\n<\/style>\n\t<\/div>\n\t\n\t\t\n<style>\n#stack-1992121628 > * {\n  --stack-gap: 1rem;\n}\n<\/style>\n\t<\/div>\n\t\n\t<div id=\"gap-1098891216\" class=\"gap-element clearfix\" style=\"display:block; height:auto;\">\n\t\t\n<style>\n#gap-1098891216 {\n  padding-top: 8px;\n}\n<\/style>\n\t<\/div>\n\t\n\t<div id=\"text-1850227954\" class=\"text light margin-0\">\n\t\t\n<p>Wir bieten strukturelle L\u00f6sungen f\u00fcr Industriehallen, Messen und gro\u00dfe Bauvorhaben, wobei wir den Schwerpunkt auf Qualit\u00e4t und Haltbarkeit legen.<br \/>\n\t\t\t<\/div>\n\t\n\t\t<\/div>\n\t\t\t\t\t<\/div>\n\n\t\n<\/div>\n\t\t<\/div>\n\t\t\t\t\t<\/div>\n\n\t\n<\/div>\n<div class=\"row\"  id=\"row-1036865123\">\n\n\t<div id=\"col-693335721\" class=\"col small-12 large-12\"  >\n\t\t\t\t<div class=\"col-inner\"  >\n\t\t\t\n\t\t\t\n<a href=\"https:\/\/zoppelletto.com\/realizzazioni\/\" class=\"button primary lowercase expand zp-button\" >\n\t\t<span>Werfen Sie einen Blick auf unsere Arbeit<\/span>\n\t<\/a>\n\n\t\t<\/div>\n\t\t\t\t\t<\/div>\n\n\t\n<\/div>\n\t\t<\/div>\n\n\t\t\n<style>\n#section_1198176205 {\n  padding-top: 60px;\n  padding-bottom: 60px;\n}\n<\/style>\n\t<\/section>\n\t\n","protected":false},"excerpt":{"rendered":"","protected":false},"author":1,"featured_media":0,"parent":0,"menu_order":0,"comment_status":"closed","ping_status":"closed","template":"page-blank.php","meta":{"_acf_changed":false,"inline_featured_image":false,"footnotes":""},"class_list":["post-1542","page","type-page","status-publish","hentry"],"acf":[],"yoast_head":"<!-- This site is optimized with the Yoast SEO plugin v23.7 - https:\/\/yoast.com\/wordpress\/plugins\/seo\/ -->\n<title>Sektoren - Zoppelletto<\/title>\n<meta name=\"robots\" content=\"index, follow, max-snippet:-1, max-image-preview:large, max-video-preview:-1\" \/>\n<link rel=\"canonical\" href=\"https:\/\/zoppelletto.com\/de\/sektoren\/\" \/>\n<meta property=\"og:locale\" content=\"de_DE\" \/>\n<meta property=\"og:type\" content=\"article\" \/>\n<meta property=\"og:title\" content=\"Sektoren - Zoppelletto\" \/>\n<meta property=\"og:url\" content=\"https:\/\/zoppelletto.com\/de\/sektoren\/\" \/>\n<meta property=\"og:site_name\" content=\"Zoppelletto\" \/>\n<meta property=\"article:modified_time\" content=\"2024-07-17T07:52:41+00:00\" \/>\n<meta name=\"twitter:card\" content=\"summary_large_image\" \/>\n<meta name=\"twitter:label1\" content=\"Gesch\u00e4tzte Lesezeit\" \/>\n\t<meta name=\"twitter:data1\" content=\"3\u00a0Minuten\" \/>\n<script type=\"application\/ld+json\" class=\"yoast-schema-graph\">{\"@context\":\"https:\/\/schema.org\",\"@graph\":[{\"@type\":\"WebPage\",\"@id\":\"https:\/\/zoppelletto.com\/de\/sektoren\/\",\"url\":\"https:\/\/zoppelletto.com\/de\/sektoren\/\",\"name\":\"Sektoren - Zoppelletto\",\"isPartOf\":{\"@id\":\"https:\/\/zoppelletto.com\/de\/#website\"},\"datePublished\":\"2024-05-15T07:35:20+00:00\",\"dateModified\":\"2024-07-17T07:52:41+00:00\",\"breadcrumb\":{\"@id\":\"https:\/\/zoppelletto.com\/de\/sektoren\/#breadcrumb\"},\"inLanguage\":\"de\",\"potentialAction\":[{\"@type\":\"ReadAction\",\"target\":[\"https:\/\/zoppelletto.com\/de\/sektoren\/\"]}]},{\"@type\":\"BreadcrumbList\",\"@id\":\"https:\/\/zoppelletto.com\/de\/sektoren\/#breadcrumb\",\"itemListElement\":[{\"@type\":\"ListItem\",\"position\":1,\"name\":\"Home\",\"item\":\"https:\/\/zoppelletto.com\/de\/\"},{\"@type\":\"ListItem\",\"position\":2,\"name\":\"Sektoren\"}]},{\"@type\":\"WebSite\",\"@id\":\"https:\/\/zoppelletto.com\/de\/#website\",\"url\":\"https:\/\/zoppelletto.com\/de\/\",\"name\":\"Zoppelletto\",\"description\":\"Officine meccaniche\",\"potentialAction\":[{\"@type\":\"SearchAction\",\"target\":{\"@type\":\"EntryPoint\",\"urlTemplate\":\"https:\/\/zoppelletto.com\/de\/?s={search_term_string}\"},\"query-input\":{\"@type\":\"PropertyValueSpecification\",\"valueRequired\":true,\"valueName\":\"search_term_string\"}}],\"inLanguage\":\"de\"}]}<\/script>\n<!-- \/ Yoast SEO plugin. -->","yoast_head_json":{"title":"Sektoren - Zoppelletto","robots":{"index":"index","follow":"follow","max-snippet":"max-snippet:-1","max-image-preview":"max-image-preview:large","max-video-preview":"max-video-preview:-1"},"canonical":"https:\/\/zoppelletto.com\/de\/sektoren\/","og_locale":"de_DE","og_type":"article","og_title":"Sektoren - Zoppelletto","og_url":"https:\/\/zoppelletto.com\/de\/sektoren\/","og_site_name":"Zoppelletto","article_modified_time":"2024-07-17T07:52:41+00:00","twitter_card":"summary_large_image","twitter_misc":{"Gesch\u00e4tzte Lesezeit":"3\u00a0Minuten"},"schema":{"@context":"https:\/\/schema.org","@graph":[{"@type":"WebPage","@id":"https:\/\/zoppelletto.com\/de\/sektoren\/","url":"https:\/\/zoppelletto.com\/de\/sektoren\/","name":"Sektoren - Zoppelletto","isPartOf":{"@id":"https:\/\/zoppelletto.com\/de\/#website"},"datePublished":"2024-05-15T07:35:20+00:00","dateModified":"2024-07-17T07:52:41+00:00","breadcrumb":{"@id":"https:\/\/zoppelletto.com\/de\/sektoren\/#breadcrumb"},"inLanguage":"de","potentialAction":[{"@type":"ReadAction","target":["https:\/\/zoppelletto.com\/de\/sektoren\/"]}]},{"@type":"BreadcrumbList","@id":"https:\/\/zoppelletto.com\/de\/sektoren\/#breadcrumb","itemListElement":[{"@type":"ListItem","position":1,"name":"Home","item":"https:\/\/zoppelletto.com\/de\/"},{"@type":"ListItem","position":2,"name":"Sektoren"}]},{"@type":"WebSite","@id":"https:\/\/zoppelletto.com\/de\/#website","url":"https:\/\/zoppelletto.com\/de\/","name":"Zoppelletto","description":"Officine meccaniche","potentialAction":[{"@type":"SearchAction","target":{"@type":"EntryPoint","urlTemplate":"https:\/\/zoppelletto.com\/de\/?s={search_term_string}"},"query-input":{"@type":"PropertyValueSpecification","valueRequired":true,"valueName":"search_term_string"}}],"inLanguage":"de"}]}},"_links":{"self":[{"href":"https:\/\/zoppelletto.com\/de\/wp-json\/wp\/v2\/pages\/1542","targetHints":{"allow":["GET"]}}],"collection":[{"href":"https:\/\/zoppelletto.com\/de\/wp-json\/wp\/v2\/pages"}],"about":[{"href":"https:\/\/zoppelletto.com\/de\/wp-json\/wp\/v2\/types\/page"}],"author":[{"embeddable":true,"href":"https:\/\/zoppelletto.com\/de\/wp-json\/wp\/v2\/users\/1"}],"replies":[{"embeddable":true,"href":"https:\/\/zoppelletto.com\/de\/wp-json\/wp\/v2\/comments?post=1542"}],"version-history":[{"count":3,"href":"https:\/\/zoppelletto.com\/de\/wp-json\/wp\/v2\/pages\/1542\/revisions"}],"predecessor-version":[{"id":1551,"href":"https:\/\/zoppelletto.com\/de\/wp-json\/wp\/v2\/pages\/1542\/revisions\/1551"}],"wp:attachment":[{"href":"https:\/\/zoppelletto.com\/de\/wp-json\/wp\/v2\/media?parent=1542"}],"curies":[{"name":"wp","href":"https:\/\/api.w.org\/{rel}","templated":true}]}}